{"id":1090,"date":"2024-05-27T21:34:10","date_gmt":"2024-05-27T19:34:10","guid":{"rendered":"https:\/\/wakacje-we-francji.pl\/?page_id=1090"},"modified":"2024-05-31T20:41:28","modified_gmt":"2024-05-31T18:41:28","slug":"atrakcje-turystyczne-strasburga","status":"publish","type":"page","link":"https:\/\/wakacje-we-francji.pl\/en\/atrakcje-turystyczne-strasburga\/","title":{"rendered":"Rezerwacje atrakcji turystycznych w  Strasburgu"},"content":{"rendered":"<div class=\"wp-block-uagb-info-box uagb-block-caf24fa5 uagb-infobox__content-wrap  uagb-infobox-icon-above-title uagb-infobox-image-valign-top\"><div class=\"uagb-ifb-content\"><div class=\"uagb-ifb-icon-wrap\"><svg xmlns=\"https:\/\/www.w3.org\/2000\/svg\" viewbox=\"0 0 512 512\"><path d=\"M0 256C0 114.6 114.6 0 256 0C397.4 0 512 114.6 512 256C512 397.4 397.4 512 256 512C114.6 512 0 397.4 0 256zM371.8 211.8C382.7 200.9 382.7 183.1 371.8 172.2C360.9 161.3 343.1 161.3 332.2 172.2L224 280.4L179.8 236.2C168.9 225.3 151.1 225.3 140.2 236.2C129.3 247.1 129.3 264.9 140.2 275.8L204.2 339.8C215.1 350.7 232.9 350.7 243.8 339.8L371.8 211.8z\"><\/path><\/svg><\/div><div class=\"uagb-ifb-title-wrap\"><h3 class=\"uagb-ifb-title\"><a href=\"https:\/\/www.tiqets.com\/pl\/strasbourg-atrakcje-c66633\/?currency=PLN&amp;partner=bhu_promotion&amp;tq_campaign=paris&amp;widget_vf=DiscoveryWidget_eRFZChZ7jivgqBVt6Ltme&amp;utm_campaign=bhu_promotion&amp;utm_source=bhu_promotion&amp;utm_content=discovery_widget&amp;utm_medium=affiliate\">Strasburg czeka na Ciebie<\/a><\/h3><\/div><p class=\"uagb-ifb-desc\"><br><a href=\"https:\/\/www.tiqets.com\/pl\/strasbourg-atrakcje-c66633\/?currency=PLN&amp;partner=bhu_promotion&amp;tq_campaign=paris&amp;widget_vf=DiscoveryWidget_eRFZChZ7jivgqBVt6Ltme&amp;utm_campaign=bhu_promotion&amp;utm_source=bhu_promotion&amp;utm_content=discovery_widget&amp;utm_medium=affiliate\">Zobacz ile atrakcji turystycznych czeka na Ciebie i twoja rodzine. Je\u017celi poni\u017cej nie znalaz\u0142e\u015b danej atrakcji kliknij \u00a0 TUTAJ i zabacz wszystkie atrakcje\u00a0<\/a><\/p><\/div><\/div>\n\n\n\n<div data-tiqets-widget=\"discovery\" data-cards-layout=\"responsive\" data-content-type=\"venue\" data-item_count=\"50\" data-destination-type=\"city\" data-destination-id=\"66633\" data-language=\"pl\" data-partner=\"bhu_promotion\" data-tq-campaign=\"paris\">\u00a0<\/div>\n<p><script defer src=\"https:\/\/widgets.tiqets.com\/loader.js\"><\/script><\/p>","protected":false},"excerpt":{"rendered":"<p>\u00a0<\/p>","protected":false},"author":2,"featured_media":0,"parent":0,"menu_order":0,"comment_status":"closed","ping_status":"closed","template":"","meta":{"_uag_custom_page_level_css":"","footnotes":""},"class_list":["post-1090","page","type-page","status-publish","hentry"],"uagb_featured_image_src":{"full":false,"thumbnail":false,"medium":false,"medium_large":false,"large":false,"1536x1536":false,"2048x2048":false,"trp-custom-language-flag":false},"uagb_author_info":{"display_name":"janusz","author_link":"https:\/\/wakacje-we-francji.pl\/en\/author\/janusz\/"},"uagb_comment_info":0,"uagb_excerpt":"\u00a0","_links":{"self":[{"href":"https:\/\/wakacje-we-francji.pl\/en\/wp-json\/wp\/v2\/pages\/1090","targetHints":{"allow":["GET"]}}],"collection":[{"href":"https:\/\/wakacje-we-francji.pl\/en\/wp-json\/wp\/v2\/pages"}],"about":[{"href":"https:\/\/wakacje-we-francji.pl\/en\/wp-json\/wp\/v2\/types\/page"}],"author":[{"embeddable":true,"href":"https:\/\/wakacje-we-francji.pl\/en\/wp-json\/wp\/v2\/users\/2"}],"replies":[{"embeddable":true,"href":"https:\/\/wakacje-we-francji.pl\/en\/wp-json\/wp\/v2\/comments?post=1090"}],"version-history":[{"count":5,"href":"https:\/\/wakacje-we-francji.pl\/en\/wp-json\/wp\/v2\/pages\/1090\/revisions"}],"predecessor-version":[{"id":1181,"href":"https:\/\/wakacje-we-francji.pl\/en\/wp-json\/wp\/v2\/pages\/1090\/revisions\/1181"}],"wp:attachment":[{"href":"https:\/\/wakacje-we-francji.pl\/en\/wp-json\/wp\/v2\/media?parent=1090"}],"curies":[{"name":"wp","href":"https:\/\/api.w.org\/{rel}","templated":true}]}}