{"id":1277,"date":"2025-01-10T22:11:55","date_gmt":"2025-01-10T21:11:55","guid":{"rendered":"https:\/\/wakacje-we-francji.pl\/?page_id=1277"},"modified":"2025-01-10T23:11:07","modified_gmt":"2025-01-10T22:11:07","slug":"certyfikat-atut-france","status":"publish","type":"page","link":"https:\/\/wakacje-we-francji.pl\/en\/certyfikat-atut-france\/","title":{"rendered":"Certyfikat Atut France"},"content":{"rendered":"<div class=\"wp-block-uagb-image aligncenter uagb-block-b7b34aa8 wp-block-uagb-image--layout-default wp-block-uagb-image--effect-static wp-block-uagb-image--align-center\"><figure class=\"wp-block-uagb-image__figure\"><img loading=\"lazy\" decoding=\"async\" srcset=\"https:\/\/wakacje-we-francji.pl\/wp-content\/uploads\/2025\/01\/ceryfikat-02-1024x732.jpg ,https:\/\/wakacje-we-francji.pl\/wp-content\/uploads\/2025\/01\/ceryfikat-02.jpg 780w, https:\/\/wakacje-we-francji.pl\/wp-content\/uploads\/2025\/01\/ceryfikat-02.jpg 360w\" sizes=\"auto, (max-width: 480px) 150px\" src=\"https:\/\/wakacje-we-francji.pl\/wp-content\/uploads\/2025\/01\/ceryfikat-02-1024x732.jpg\" alt=\"\" class=\"uag-image-1278\" width=\"644\" height=\"460\" title=\"ceryfikat 02\" role=\"img\"\/><\/figure><\/div>\n\n\n\n<div class=\"wp-block-uagb-image uagb-block-73b7a736 wp-block-uagb-image--layout-default wp-block-uagb-image--effect-static wp-block-uagb-image--align-none\"><figure class=\"wp-block-uagb-image__figure\"><\/figure><\/div>\n\n\n\n<div class=\"wp-block-uagb-info-box uagb-block-1919e033 uagb-infobox__content-wrap  uagb-infobox-icon-above-title uagb-infobox-image-valign-top\"><div class=\"uagb-ifb-content\"><div class=\"uagb-ifb-icon-wrap\"><svg xmlns=\"https:\/\/www.w3.org\/2000\/svg\" viewbox=\"0 0 512 512\"><path d=\"M0 256C0 114.6 114.6 0 256 0C397.4 0 512 114.6 512 256C512 397.4 397.4 512 256 512C114.6 512 0 397.4 0 256zM371.8 211.8C382.7 200.9 382.7 183.1 371.8 172.2C360.9 161.3 343.1 161.3 332.2 172.2L224 280.4L179.8 236.2C168.9 225.3 151.1 225.3 140.2 236.2C129.3 247.1 129.3 264.9 140.2 275.8L204.2 339.8C215.1 350.7 232.9 350.7 243.8 339.8L371.8 211.8z\"><\/path><\/svg><\/div><div class=\"uagb-ifb-title-wrap\"><h3 class=\"uagb-ifb-title\">Certyfikat kompetencji<\/h3><\/div><p class=\"uagb-ifb-desc\"><br><br>Jeste\u015bmy  biurem podr\u00f3\u017cy, kt\u00f3re z pasj\u0105 i zaanga\u017cowaniem pomaga odkrywa\u0107 uroki Francji polskim turystom. Nasza dzia\u0142alno\u015b\u0107 rozpocz\u0119\u0142a si\u0119 w 1992 roku, ale nasze do\u015bwiadczenie w turystyce si\u0119ga jeszcze wcze\u015bniej. Przez kilka lat mieli\u015bmy okazj\u0119 pracowa\u0107 w renomowanych firmach francuskich, zdobywaj\u0105c bezcenn\u0105 wiedz\u0119 i praktyk\u0119 w bran\u017cy turystycznej \u2013 bezpo\u015brednio we Francji.<br>Z biegiem lat stali\u015bmy si\u0119 ekspertami w organizacji wyjazd\u00f3w wakacyjnych, wyjazd\u00f3w narciarskich oraz wycieczek tematycznych na terenie Francji. Doceniaj\u0105c nasz wk\u0142ad w promocj\u0119 turystyczn\u0105 tego pi\u0119knego kraju, w 2012 roku otrzymali\u015bmy presti\u017cowy certyfikat od\u00a0<strong>Atout France<\/strong>, oficjalnej agencji ds. promocji turystyki Francji, za ca\u0142okszta\u0142t pracy na rzecz promocji tego kraju w Polsce.<br><br>Nasze serwisy turystyczne<br>Aby u\u0142atwi\u0107 planowanie podr\u00f3\u017cy i spe\u0142ni\u0107 r\u00f3\u017cnorodne potrzeby naszych klient\u00f3w, stworzyli\u015bmy trzy dedykowane serwisy:<br><strong><a href=\"http:\/\/wakacje-we-francji.pl\/en\/\">Wakacje-we-Francji.pl<\/a><\/strong>\u00a0\u2013 dla os\u00f3b marz\u0105cych o odkrywaniu s\u0142onecznego po\u0142udnia Francji, malowniczych zamk\u00f3w Loary czy urokliwych francuskich miasteczek.<br><strong><a href=\"http:\/\/dofrancji.pl\/\">Dofrancji.pl<\/a><\/strong>\u00a0\u2013  serwis rezerwacji bilet\u00f3w na atrakcje w Pary\u017cu  zar\u00f3wno indywidualnych, jak i grupowych.<br><strong><a href=\"http:\/\/narty-we-francji.pl\/\">Narty-we-Francji.pl<\/a><\/strong>\u00a0\u2013 dla mi\u0142o\u015bnik\u00f3w zimowych sport\u00f3w, kt\u00f3rzy chc\u0105 sp\u0119dzi\u0107 niezapomniane chwile w Alpach Francuskich.<br><br>Dlaczego my?<br>Od pocz\u0105tku naszej dzia\u0142alno\u015bci kierujemy si\u0119 mi\u0142o\u015bci\u0105 do Francji i ch\u0119ci\u0105 dzielenia si\u0119 ni\u0105 z innymi. Dzi\u0119ki naszemu wieloletniemu do\u015bwiadczeniu oraz doskona\u0142ej znajomo\u015bci francuskiej kultury, j\u0119zyka i region\u00f3w, oferujemy wyjazdy dopracowane w najmniejszych szczeg\u00f3\u0142ach. Dzia\u0142amy z pasj\u0105, by ka\u017cdy klient poczu\u0142 magi\u0119 Francji i wr\u00f3ci\u0142 z niezapomnianymi wspomnieniami.<br><br>Zapraszamy do kontaktu i odkrywania Francji razem z nami!<br><br><br><br><\/p><\/div><\/div>","protected":false},"excerpt":{"rendered":"","protected":false},"author":2,"featured_media":0,"parent":0,"menu_order":0,"comment_status":"closed","ping_status":"closed","template":"","meta":{"_uag_custom_page_level_css":"","footnotes":""},"class_list":["post-1277","page","type-page","status-publish","hentry"],"uagb_featured_image_src":{"full":false,"thumbnail":false,"medium":false,"medium_large":false,"large":false,"1536x1536":false,"2048x2048":false,"trp-custom-language-flag":false},"uagb_author_info":{"display_name":"janusz","author_link":"https:\/\/wakacje-we-francji.pl\/en\/author\/janusz\/"},"uagb_comment_info":0,"uagb_excerpt":null,"_links":{"self":[{"href":"https:\/\/wakacje-we-francji.pl\/en\/wp-json\/wp\/v2\/pages\/1277","targetHints":{"allow":["GET"]}}],"collection":[{"href":"https:\/\/wakacje-we-francji.pl\/en\/wp-json\/wp\/v2\/pages"}],"about":[{"href":"https:\/\/wakacje-we-francji.pl\/en\/wp-json\/wp\/v2\/types\/page"}],"author":[{"embeddable":true,"href":"https:\/\/wakacje-we-francji.pl\/en\/wp-json\/wp\/v2\/users\/2"}],"replies":[{"embeddable":true,"href":"https:\/\/wakacje-we-francji.pl\/en\/wp-json\/wp\/v2\/comments?post=1277"}],"version-history":[{"count":4,"href":"https:\/\/wakacje-we-francji.pl\/en\/wp-json\/wp\/v2\/pages\/1277\/revisions"}],"predecessor-version":[{"id":1296,"href":"https:\/\/wakacje-we-francji.pl\/en\/wp-json\/wp\/v2\/pages\/1277\/revisions\/1296"}],"wp:attachment":[{"href":"https:\/\/wakacje-we-francji.pl\/en\/wp-json\/wp\/v2\/media?parent=1277"}],"curies":[{"name":"wp","href":"https:\/\/api.w.org\/{rel}","templated":true}]}}