{"id":1425,"date":"2025-02-04T17:58:39","date_gmt":"2025-02-04T16:58:39","guid":{"rendered":"https:\/\/wakacje-we-francji.pl\/?page_id=1425"},"modified":"2025-09-19T16:37:32","modified_gmt":"2025-09-19T14:37:32","slug":"blog","status":"publish","type":"page","link":"https:\/\/wakacje-we-francji.pl\/en\/blog\/","title":{"rendered":"Blog"},"content":{"rendered":"<div class=\"wp-block-query alignwide is-layout-flow wp-block-query-is-layout-flow\">\n<div class=\"wp-block-group is-layout-flow wp-block-group-is-layout-flow\" style=\"margin-top:0;margin-bottom:0;padding-top:var(--wp--preset--spacing--50);padding-right:0;padding-bottom:var(--wp--preset--spacing--50);padding-left:0\"><ul class=\"columns-3 alignfull wp-block-post-template is-layout-grid wp-container-core-post-template-is-layout-2d080239 wp-block-post-template-is-layout-grid\"><li class=\"wp-block-post post-3779 post type-post status-publish format-standard has-post-thumbnail hentry category-magia-lazurowego-wybrzeza category-poradnik\">\n\n<div class=\"wp-block-group is-vertical is-nowrap is-layout-flex wp-container-core-group-is-layout-97ba36a5 wp-block-group-is-layout-flex\" style=\"margin-top:var(--wp--preset--spacing--20);padding-top:0\"><h2 class=\"wp-block-post-title has-large-font-size wp-container-content-32e3a40d\"><a href=\"https:\/\/wakacje-we-francji.pl\/en\/ogrod-egzotyczny-w-monako-niezwykle-miejsce-z-widokiem-ktorego-nie-da-sie-zapomniec\/\" target=\"_self\" >Ogr\u00f3d Egzotyczny w Monako \u2013 niezwyk\u0142e miejsce z widokiem, kt\u00f3rego nie da si\u0119 zapomnie\u0107<\/a><\/h2>\n\n<div class=\"wp-block-template-part\">\n\n<div class=\"wp-block-group has-global-padding is-layout-constrained wp-block-group-is-layout-constrained\">\n\t\n\t<div class=\"wp-block-group is-content-justification-left is-layout-flex wp-container-core-group-is-layout-dfe8e91f wp-block-group-is-layout-flex\">\n\t\t<div class=\"wp-block-post-date\"><time datetime=\"2026-04-23T17:21:52+02:00\"><a href=\"https:\/\/wakacje-we-francji.pl\/en\/ogrod-egzotyczny-w-monako-niezwykle-miejsce-z-widokiem-ktorego-nie-da-sie-zapomniec\/\">Apr 23, 2026<\/a><\/time><\/div>\n\n\t\t\n\t\t<p class=\"has-contrast-2-color has-text-color\">\u2014<\/p>\n\t\t\n\n\t\t\n\t\t<p class=\"has-small-font-size has-contrast-2-color has-text-color\">by<\/p>\n\t\t\n\n\t\t<div class=\"wp-block-post-author-name\"><a href=\"https:\/\/wakacje-we-francji.pl\/en\/author\/agnieszka\/\" target=\"_self\" class=\"wp-block-post-author-name__link\">agnieszka<\/a><\/div>\n\n\t\t<div class=\"taxonomy-category wp-block-post-terms\"><span class=\"wp-block-post-terms__prefix\">in <\/span><a href=\"https:\/\/wakacje-we-francji.pl\/en\/category\/magia-lazurowego-wybrzeza\/\" rel=\"tag\">Lazurowe Wybrze\u017ce: podr\u00f3\u017ce, smaki i miejsca<\/a><span class=\"wp-block-post-terms__separator\">, <\/span><a href=\"https:\/\/wakacje-we-francji.pl\/en\/category\/poradnik\/\" rel=\"tag\">Poradnik<\/a><\/div>\n\n\t<\/div>\n\t\n<\/div>\n\n\n<\/div>\n\n<div class=\"wp-block-post-excerpt has-text-color has-contrast-2-color has-small-font-size wp-container-content-32e3a40d\"><p class=\"wp-block-post-excerpt__excerpt\">Ogr\u00f3d Egzotyczny w Monako \u2013 niezwyk\u0142e miejsce z widokiem, kt\u00f3rego nie da si\u0119 zapomnie\u0107 Monako wielu osobom kojarzy si\u0119 przede wszystkim z luksusem, eleganckimi ulicami, s\u0142ynnym kasynem i widokiem drogich jacht\u00f3w w porcie. Tymczasem w tym niewielkim ksi\u0119stwie znajduje si\u0119 tak\u017ce miejsce, kt\u00f3re zachwyca zupe\u0142nie inaczej \u2014 spokojem, natur\u0105 i wyj\u0105tkowym po\u0142o\u017ceniem. Ogr\u00f3d Egzotyczny w&hellip; <\/p><\/div>\n\n\n<div style=\"height:0px\" aria-hidden=\"true\" class=\"wp-block-spacer wp-container-content-32e3a40d\"><\/div>\n<\/div>\n\n<\/li><li class=\"wp-block-post post-3547 post type-post status-publish format-standard hentry category-atrakcje-paryza category-poradnik tag-artysci-montmartre tag-bohema-paryska tag-historia-montmartre tag-klimatyczne-restauracje tag-kolacja-w-paryzu tag-kuchnia-francuska tag-la-bonne-franquette tag-lunch-w-paryzu tag-montmartre tag-montmartre-paryz tag-paryskie-restauracje tag-place-du-tertre tag-restauracja-montmartre tag-restauracja-z-historia tag-sommelier tag-stare-paryz tag-sztuka-i-gastronomia tag-tradycja-francuska tag-van-gogh-montmartre tag-winiarze-francuscy tag-wino-francuskie\">\n\n<div class=\"wp-block-group is-vertical is-nowrap is-layout-flex wp-container-core-group-is-layout-97ba36a5 wp-block-group-is-layout-flex\" style=\"margin-top:var(--wp--preset--spacing--20);padding-top:0\"><h2 class=\"wp-block-post-title has-large-font-size wp-container-content-32e3a40d\"><a href=\"https:\/\/wakacje-we-francji.pl\/en\/montmartre\/\" target=\"_self\" >Chcesz pokaza\u0107 atmosfer\u0119 Montmartre swoim znajomym ?<\/a><\/h2>\n\n<div class=\"wp-block-template-part\">\n\n<div class=\"wp-block-group has-global-padding is-layout-constrained wp-block-group-is-layout-constrained\">\n\t\n\t<div class=\"wp-block-group is-content-justification-left is-layout-flex wp-container-core-group-is-layout-dfe8e91f wp-block-group-is-layout-flex\">\n\t\t<div class=\"wp-block-post-date\"><time datetime=\"2026-02-04T19:07:14+01:00\"><a href=\"https:\/\/wakacje-we-francji.pl\/en\/montmartre\/\">Feb 4, 2026<\/a><\/time><\/div>\n\n\t\t\n\t\t<p class=\"has-contrast-2-color has-text-color\">\u2014<\/p>\n\t\t\n\n\t\t\n\t\t<p class=\"has-small-font-size has-contrast-2-color has-text-color\">by<\/p>\n\t\t\n\n\t\t<div class=\"wp-block-post-author-name\"><a href=\"https:\/\/wakacje-we-francji.pl\/en\/author\/agnieszka\/\" target=\"_self\" class=\"wp-block-post-author-name__link\">agnieszka<\/a><\/div>\n\n\t\t<div class=\"taxonomy-category wp-block-post-terms\"><span class=\"wp-block-post-terms__prefix\">in <\/span><a href=\"https:\/\/wakacje-we-francji.pl\/en\/category\/atrakcje-paryza\/\" rel=\"tag\">Atrakcje Pary\u017ca &#8211; co zobaczy\u0107, \u017ceby naprawd\u0119 poczu\u0107 Miasto \u015bwiate\u0142?<\/a><span class=\"wp-block-post-terms__separator\">, <\/span><a href=\"https:\/\/wakacje-we-francji.pl\/en\/category\/poradnik\/\" rel=\"tag\">Poradnik<\/a><\/div>\n\n\t<\/div>\n\t\n<\/div>\n\n\n<\/div>\n\n<div class=\"wp-block-post-excerpt has-text-color has-contrast-2-color has-small-font-size wp-container-content-32e3a40d\"><p class=\"wp-block-post-excerpt__excerpt\">Mam dla Ciebie idealne miejsce na chwil\u0119 wytchnienia i smaczny posi\u0142ek przy lampce wina.La Bonne Franquette to XVI-wieczny dom ukryty w samym sercu starego Montmartre \u2014 miejsce, kt\u00f3re od wiek\u00f3w piel\u0119gnuje ducha tej niezwyk\u0142ej dzielnicy. Rado\u015b\u0107 \u017cycia, serdeczno\u015b\u0107, go\u015bcinno\u015b\u0107 wobec artyst\u00f3w, winiarzy oraz mi\u0142o\u015bnik\u00f3w dobrego wina i jedzenia idealnie oddaje montmartre\u2019owskie motto: \u201eKocha\u0107, je\u015b\u0107, pi\u0107&hellip; <\/p><\/div>\n\n\n<div style=\"height:0px\" aria-hidden=\"true\" class=\"wp-block-spacer wp-container-content-32e3a40d\"><\/div>\n<\/div>\n\n<\/li><li class=\"wp-block-post post-3462 post type-post status-publish format-standard hentry category-poradnik tag-alpy tag-assistance tag-ekuz tag-ferie-zimowe tag-koszty-leczenia-za-granica tag-narty-we-francji tag-nnw tag-oc-na-stoku tag-signal-iduna tag-transport-medyczny-do-polski tag-ubezpieczenie-na-narty tag-ubezpieczenie-narciarskie tag-ubezpieczenie-turystyczne\">\n\n<div class=\"wp-block-group is-vertical is-nowrap is-layout-flex wp-container-core-group-is-layout-97ba36a5 wp-block-group-is-layout-flex\" style=\"margin-top:var(--wp--preset--spacing--20);padding-top:0\"><h2 class=\"wp-block-post-title has-large-font-size wp-container-content-32e3a40d\"><a href=\"https:\/\/wakacje-we-francji.pl\/en\/ubezpieczenie-na-ferie-zimowe-i-wyjazd-na-narty-dlaczego-to-realna-ochrona-a-nie-zbedny-koszt\/\" target=\"_self\" >Ubezpieczenie na ferie zimowe i wyjazd na narty: dlaczego to realna ochrona, a nie \u201ezb\u0119dny koszt\u201d?<\/a><\/h2>\n\n<div class=\"wp-block-template-part\">\n\n<div class=\"wp-block-group has-global-padding is-layout-constrained wp-block-group-is-layout-constrained\">\n\t\n\t<div class=\"wp-block-group is-content-justification-left is-layout-flex wp-container-core-group-is-layout-dfe8e91f wp-block-group-is-layout-flex\">\n\t\t<div class=\"wp-block-post-date\"><time datetime=\"2026-01-15T14:20:36+01:00\"><a href=\"https:\/\/wakacje-we-francji.pl\/en\/ubezpieczenie-na-ferie-zimowe-i-wyjazd-na-narty-dlaczego-to-realna-ochrona-a-nie-zbedny-koszt\/\">Jan 15, 2026<\/a><\/time><\/div>\n\n\t\t\n\t\t<p class=\"has-contrast-2-color has-text-color\">\u2014<\/p>\n\t\t\n\n\t\t\n\t\t<p class=\"has-small-font-size has-contrast-2-color has-text-color\">by<\/p>\n\t\t\n\n\t\t<div class=\"wp-block-post-author-name\"><a href=\"https:\/\/wakacje-we-francji.pl\/en\/author\/agnieszka\/\" target=\"_self\" class=\"wp-block-post-author-name__link\">agnieszka<\/a><\/div>\n\n\t\t<div class=\"taxonomy-category wp-block-post-terms\"><span class=\"wp-block-post-terms__prefix\">in <\/span><a href=\"https:\/\/wakacje-we-francji.pl\/en\/category\/poradnik\/\" rel=\"tag\">Poradnik<\/a><\/div>\n\n\t<\/div>\n\t\n<\/div>\n\n\n<\/div>\n\n<div class=\"wp-block-post-excerpt has-text-color has-contrast-2-color has-small-font-size wp-container-content-32e3a40d\"><p class=\"wp-block-post-excerpt__excerpt\">Ferie zimowe to dla wielu os\u00f3b najlepszy moment w roku: wyjazd na narty, snowboard, \u0142y\u017cwy, g\u00f3rskie spacery albo po prostu aktywny odpoczynek z rodzin\u0105. I w\u0142a\u015bnie wtedy, kiedy mamy by\u0107 \u201ena luzie\u201d, naj\u0142atwiej o sytuacje, kt\u00f3re potrafi\u0105 zepsu\u0107 wyjazd i\u2026 mocno uderzy\u0107 w bud\u017cet.Wypadki na stoku, kontuzje, nag\u0142e zachorowanie, konieczno\u015b\u0107 transportu medycznego, a nawet szkoda&hellip; <\/p><\/div>\n\n\n<div style=\"height:0px\" aria-hidden=\"true\" class=\"wp-block-spacer wp-container-content-32e3a40d\"><\/div>\n<\/div>\n\n<\/li><li class=\"wp-block-post post-3414 post type-post status-publish format-standard hentry category-atrakcje-paryza tag-atrakcje-turystyczne-paryz tag-co-robic-wieczorem-w-paryzu tag-elegancki-wieczor-w-paryzu tag-francuski-styl tag-kabaret-moulin-rouge tag-kabaret-moulin-rouge-w-paryzu tag-kabaret-w-paryzu tag-kultura-i-rozrywka-paryza tag-moulin-rouge tag-moulin-rouge-atrakcja-premium tag-moulin-rouge-atrakcje-noca tag-moulin-rouge-bilety tag-moulin-rouge-co-warto-wiedziec tag-moulin-rouge-dla-par tag-moulin-rouge-historia-kabaretu tag-moulin-rouge-paryz tag-moulin-rouge-polecane tag-moulin-rouge-rezerwacja tag-moulin-rouge-show tag-moulin-rouge-spektakl tag-moulin-rouge-warto-zobaczyc tag-moulin-rouge-wieczor-w-paryzu tag-moulin-rouge-wyjatkowe-przezycie tag-najslynniejszy-kabaret-w-paryzu tag-nocne-zycie-paryza tag-paryska-noc tag-paryski-kabaret tag-paryski-klimat tag-paryz-co-zobaczyc-wieczorem tag-paryz-noca-atrakcje tag-paryz-romantyczny-wieczor tag-paryz-wyjazd-weekendowy tag-rozrywka-w-paryzu\">\n\n<div class=\"wp-block-group is-vertical is-nowrap is-layout-flex wp-container-core-group-is-layout-97ba36a5 wp-block-group-is-layout-flex\" style=\"margin-top:var(--wp--preset--spacing--20);padding-top:0\"><h2 class=\"wp-block-post-title has-large-font-size wp-container-content-32e3a40d\"><a href=\"https:\/\/wakacje-we-francji.pl\/en\/magia-kabaretu-moulin-rouge\/\" target=\"_self\" >Pary\u017c po zmroku: magia kabaretu Moulin Rouge<\/a><\/h2>\n\n<div class=\"wp-block-template-part\">\n\n<div class=\"wp-block-group has-global-padding is-layout-constrained wp-block-group-is-layout-constrained\">\n\t\n\t<div class=\"wp-block-group is-content-justification-left is-layout-flex wp-container-core-group-is-layout-dfe8e91f wp-block-group-is-layout-flex\">\n\t\t<div class=\"wp-block-post-date\"><time datetime=\"2025-12-12T17:23:32+01:00\"><a href=\"https:\/\/wakacje-we-francji.pl\/en\/magia-kabaretu-moulin-rouge\/\">Dec 12, 2025<\/a><\/time><\/div>\n\n\t\t\n\t\t<p class=\"has-contrast-2-color has-text-color\">\u2014<\/p>\n\t\t\n\n\t\t\n\t\t<p class=\"has-small-font-size has-contrast-2-color has-text-color\">by<\/p>\n\t\t\n\n\t\t<div class=\"wp-block-post-author-name\"><a href=\"https:\/\/wakacje-we-francji.pl\/en\/author\/agnieszka\/\" target=\"_self\" class=\"wp-block-post-author-name__link\">agnieszka<\/a><\/div>\n\n\t\t<div class=\"taxonomy-category wp-block-post-terms\"><span class=\"wp-block-post-terms__prefix\">in <\/span><a href=\"https:\/\/wakacje-we-francji.pl\/en\/category\/atrakcje-paryza\/\" rel=\"tag\">Atrakcje Pary\u017ca &#8211; co zobaczy\u0107, \u017ceby naprawd\u0119 poczu\u0107 Miasto \u015bwiate\u0142?<\/a><\/div>\n\n\t<\/div>\n\t\n<\/div>\n\n\n<\/div>\n\n<div class=\"wp-block-post-excerpt has-text-color has-contrast-2-color has-small-font-size wp-container-content-32e3a40d\"><p class=\"wp-block-post-excerpt__excerpt\">Pary\u017c noc\u0105 Pary\u017c kojarzy si\u0119 z zabytkami, muzeami i romantycznymi spacerami nad Sekwan\u0105. Jednak prawdziwy klimat miasta odkrywa si\u0119 dopiero po zmroku. To w\u0142a\u015bnie noc\u0105 Pary\u017c pokazuje swoj\u0105 drug\u0105 twarz \u2013 pe\u0142n\u0105 \u015bwiat\u0142a, muzyki i elegancji. Jednym z miejsc, kt\u00f3re najlepiej oddaje ten charakter, jest legendarny kabaret Moulin Rouge.Moulin Rouge to nie tylko kabaret \u2013&hellip; <\/p><\/div>\n\n\n<div style=\"height:0px\" aria-hidden=\"true\" class=\"wp-block-spacer wp-container-content-32e3a40d\"><\/div>\n<\/div>\n\n<\/li><li class=\"wp-block-post post-3293 post type-post status-publish format-standard hentry category-alpy-francuskie-raj-dla-narciarzy category-poradnik\">\n\n<div class=\"wp-block-group is-vertical is-nowrap is-layout-flex wp-container-core-group-is-layout-97ba36a5 wp-block-group-is-layout-flex\" style=\"margin-top:var(--wp--preset--spacing--20);padding-top:0\"><h2 class=\"wp-block-post-title has-large-font-size wp-container-content-32e3a40d\"><a href=\"https:\/\/wakacje-we-francji.pl\/en\/rozpoczecie-sezonu-co-nowego-w-val-thorens\/\" target=\"_self\" >Rozpocz\u0119cie sezonu \u2013 co nowego w Val Thorens?<\/a><\/h2>\n\n<div class=\"wp-block-template-part\">\n\n<div class=\"wp-block-group has-global-padding is-layout-constrained wp-block-group-is-layout-constrained\">\n\t\n\t<div class=\"wp-block-group is-content-justification-left is-layout-flex wp-container-core-group-is-layout-dfe8e91f wp-block-group-is-layout-flex\">\n\t\t<div class=\"wp-block-post-date\"><time datetime=\"2025-11-17T17:38:00+01:00\"><a href=\"https:\/\/wakacje-we-francji.pl\/en\/rozpoczecie-sezonu-co-nowego-w-val-thorens\/\">Nov 17, 2025<\/a><\/time><\/div>\n\n\t\t\n\t\t<p class=\"has-contrast-2-color has-text-color\">\u2014<\/p>\n\t\t\n\n\t\t\n\t\t<p class=\"has-small-font-size has-contrast-2-color has-text-color\">by<\/p>\n\t\t\n\n\t\t<div class=\"wp-block-post-author-name\"><a href=\"https:\/\/wakacje-we-francji.pl\/en\/author\/agnieszka\/\" target=\"_self\" class=\"wp-block-post-author-name__link\">agnieszka<\/a><\/div>\n\n\t\t<div class=\"taxonomy-category wp-block-post-terms\"><span class=\"wp-block-post-terms__prefix\">in <\/span><a href=\"https:\/\/wakacje-we-francji.pl\/en\/category\/alpy-francuskie-raj-dla-narciarzy\/\" rel=\"tag\">Alpy Francuskie &#8211; raj dla narciarzy<\/a><span class=\"wp-block-post-terms__separator\">, <\/span><a href=\"https:\/\/wakacje-we-francji.pl\/en\/category\/poradnik\/\" rel=\"tag\">Poradnik<\/a><\/div>\n\n\t<\/div>\n\t\n<\/div>\n\n\n<\/div>\n\n<div class=\"wp-block-post-excerpt has-text-color has-contrast-2-color has-small-font-size wp-container-content-32e3a40d\"><p class=\"wp-block-post-excerpt__excerpt\">Ju\u017c od 22 listopada 2025 rusza w Val Thorens sezon zimowy \u2013 to jedno z najwcze\u015bniej otwieraj\u0105cych si\u0119 miejsc narciarskich w Europie. Dzi\u0119ki temu mo\u017cna liczy\u0107 na d\u0142ugi czas jazdy \u2013 a\u017c do 3 maja 2026 roku\u00a0Co wi\u0119cej:Stacja po\u0142o\u017cona jest na wysoko\u015bci od 2 300 m do 3 230 m, co gwarantuje dobre warunki \u015bniegowe.\u00a0A&hellip; <\/p><\/div>\n\n\n<div style=\"height:0px\" aria-hidden=\"true\" class=\"wp-block-spacer wp-container-content-32e3a40d\"><\/div>\n<\/div>\n\n<\/li><li class=\"wp-block-post post-3105 post type-post status-publish format-standard hentry category-atrakcje-paryza tag-atrakcje-paryza tag-bateaux-parisiens tag-bilety-na-rejs-sekwana tag-dinner-cruise-paris tag-iluminacje-paryza tag-kolacja-na-sekwanie tag-kolacja-z-widokiem-na-wieze-eiffla tag-lunch-cruise-paris tag-najlepszy-rejs-po-sekwanie tag-obiad-na-sekwanie tag-panorama-paryza tag-paryz-na-weekend tag-port-de-la-bourdonnais tag-rejs-noca-paryz tag-rejs-po-sekwanie tag-rejs-po-sekwanie-ceny tag-rejs-po-sekwanie-opinie tag-rejs-po-sekwanie-trasa tag-rejs-po-sekwanie-we-dwoje tag-rejs-po-sekwanie-z-dziecmi tag-rejs-po-sekwanie-z-komentarzem-audio tag-rejs-po-sekwanie-z-muzyka tag-rejs-statkiem-paryz tag-rejs-z-kolacja-paryz tag-restauracja-na-wodzie-paryz tag-rezerwacja-rejsu-paryz tag-romantyczny-paryz tag-sekwana-atrakcje tag-statek-widokowy-paryz tag-wieza-eiffla-z-pokladu\">\n\n<div class=\"wp-block-group is-vertical is-nowrap is-layout-flex wp-container-core-group-is-layout-97ba36a5 wp-block-group-is-layout-flex\" style=\"margin-top:var(--wp--preset--spacing--20);padding-top:0\"><h2 class=\"wp-block-post-title has-large-font-size wp-container-content-32e3a40d\"><a href=\"https:\/\/wakacje-we-francji.pl\/en\/statkiem-po-sekwanie\/\" target=\"_self\" >Statkiem po Sekwanie, jak poczu\u0107 prawdziwy Pary\u017c.<\/a><\/h2>\n\n<div class=\"wp-block-template-part\">\n\n<div class=\"wp-block-group has-global-padding is-layout-constrained wp-block-group-is-layout-constrained\">\n\t\n\t<div class=\"wp-block-group is-content-justification-left is-layout-flex wp-container-core-group-is-layout-dfe8e91f wp-block-group-is-layout-flex\">\n\t\t<div class=\"wp-block-post-date\"><time datetime=\"2025-10-28T16:57:20+01:00\"><a href=\"https:\/\/wakacje-we-francji.pl\/en\/statkiem-po-sekwanie\/\">Oct 28, 2025<\/a><\/time><\/div>\n\n\t\t\n\t\t<p class=\"has-contrast-2-color has-text-color\">\u2014<\/p>\n\t\t\n\n\t\t\n\t\t<p class=\"has-small-font-size has-contrast-2-color has-text-color\">by<\/p>\n\t\t\n\n\t\t<div class=\"wp-block-post-author-name\"><a href=\"https:\/\/wakacje-we-francji.pl\/en\/author\/agnieszka\/\" target=\"_self\" class=\"wp-block-post-author-name__link\">agnieszka<\/a><\/div>\n\n\t\t<div class=\"taxonomy-category wp-block-post-terms\"><span class=\"wp-block-post-terms__prefix\">in <\/span><a href=\"https:\/\/wakacje-we-francji.pl\/en\/category\/atrakcje-paryza\/\" rel=\"tag\">Atrakcje Pary\u017ca &#8211; co zobaczy\u0107, \u017ceby naprawd\u0119 poczu\u0107 Miasto \u015bwiate\u0142?<\/a><\/div>\n\n\t<\/div>\n\t\n<\/div>\n\n\n<\/div>\n\n<div class=\"wp-block-post-excerpt has-text-color has-contrast-2-color has-small-font-size wp-container-content-32e3a40d\"><p class=\"wp-block-post-excerpt__excerpt\">Marzysz o chwili, w kt\u00f3rej Pary\u017c ods\u0142ania si\u0119 przed Tob\u0105 jak film \u2013 kadr po kadrze, most po mo\u015bcie, pa\u0142ac po pa\u0142acu \u2013 a Ty w tym czasie delektujesz si\u0119 francusk\u0105 kuchni\u0105? Rejs po Sekwanie z obiadem (lub kolacj\u0105) to do\u015bwiadczenie, kt\u00f3re \u0142\u0105czy widokowe \u201ewow\u201d z prawdziw\u0105 gastronomi\u0105. Je\u015bli planujesz wizyt\u0119 w stolicy Francji, tego&hellip; <\/p><\/div>\n\n\n<div style=\"height:0px\" aria-hidden=\"true\" class=\"wp-block-spacer wp-container-content-32e3a40d\"><\/div>\n<\/div>\n\n<\/li><\/ul>\n\n\n<div style=\"margin-top:0;margin-bottom:0;height:var(--wp--preset--spacing--40)\" aria-hidden=\"true\" class=\"wp-block-spacer\"><\/div>\n\n\n<nav class=\"wp-block-query-pagination is-content-justification-space-between is-layout-flex wp-container-core-query-pagination-is-layout-b2891da8 wp-block-query-pagination-is-layout-flex\" aria-label=\"Pagination\">\n\n\n<a href=\"\/en\/wp-json\/wp\/v2\/pages\/1425?query-71-page=2\" class=\"wp-block-query-pagination-next\">Next Page<span class='wp-block-query-pagination-next-arrow is-arrow-arrow' aria-hidden='true'>\u2192<\/span><\/a>\n<\/nav><\/div>\n<\/div>","protected":false},"excerpt":{"rendered":"","protected":false},"author":2,"featured_media":0,"parent":0,"menu_order":0,"comment_status":"closed","ping_status":"closed","template":"","meta":{"_uag_custom_page_level_css":"","footnotes":""},"class_list":["post-1425","page","type-page","status-publish","hentry"],"uagb_featured_image_src":{"full":false,"thumbnail":false,"medium":false,"medium_large":false,"large":false,"1536x1536":false,"2048x2048":false,"trp-custom-language-flag":false},"uagb_author_info":{"display_name":"janusz","author_link":"https:\/\/wakacje-we-francji.pl\/en\/author\/janusz\/"},"uagb_comment_info":0,"uagb_excerpt":null,"_links":{"self":[{"href":"https:\/\/wakacje-we-francji.pl\/en\/wp-json\/wp\/v2\/pages\/1425","targetHints":{"allow":["GET"]}}],"collection":[{"href":"https:\/\/wakacje-we-francji.pl\/en\/wp-json\/wp\/v2\/pages"}],"about":[{"href":"https:\/\/wakacje-we-francji.pl\/en\/wp-json\/wp\/v2\/types\/page"}],"author":[{"embeddable":true,"href":"https:\/\/wakacje-we-francji.pl\/en\/wp-json\/wp\/v2\/users\/2"}],"replies":[{"embeddable":true,"href":"https:\/\/wakacje-we-francji.pl\/en\/wp-json\/wp\/v2\/comments?post=1425"}],"version-history":[{"count":8,"href":"https:\/\/wakacje-we-francji.pl\/en\/wp-json\/wp\/v2\/pages\/1425\/revisions"}],"predecessor-version":[{"id":2708,"href":"https:\/\/wakacje-we-francji.pl\/en\/wp-json\/wp\/v2\/pages\/1425\/revisions\/2708"}],"wp:attachment":[{"href":"https:\/\/wakacje-we-francji.pl\/en\/wp-json\/wp\/v2\/media?parent=1425"}],"curies":[{"name":"wp","href":"https:\/\/api.w.org\/{rel}","templated":true}]}}