{"id":2301,"date":"2025-05-21T15:04:16","date_gmt":"2025-05-21T13:04:16","guid":{"rendered":"https:\/\/wakacje-we-francji.pl\/?page_id=2301"},"modified":"2025-05-21T15:04:16","modified_gmt":"2025-05-21T13:04:16","slug":"pliki-cookie","status":"publish","type":"page","link":"https:\/\/wakacje-we-francji.pl\/en\/pliki-cookie\/","title":{"rendered":"Pliki Cookie"},"content":{"rendered":"<!DOCTYPE html>\n<html lang=\"pl\">\n<head>\n  <meta charset=\"UTF-8\">\n  <title>Polityka plik\u00f3w Cookies<\/title>\n  <style>\n    body {\n      background-color: #0b1c3a;\n      color: #e0e0e0;\n      margin: 0;\n      padding: 20px;\n      font-family: Arial, sans-serif;\n    }\n    .cookies-policy {\n      max-width: 800px;\n      margin: 0 auto;\n      line-height: 1.6;\n    }\n    .cookies-policy h2 {\n      text-align: center;\n      margin-bottom: 1em;\n      color: #cfe0ff;\n    }\n    .cookies-policy details {\n      border: 1px solid #2e3e5c;\n      border-radius: 4px;\n      margin-bottom: 0.5em;\n      padding: 0.5em;\n      background-color: #1b2a47;\n    }\n    .cookies-policy details[open] {\n      background-color: #162340;\n    }\n    .cookies-policy summary {\n      font-weight: bold;\n      cursor: pointer;\n      outline: none;\n      color: #a9d1ff;\n    }\n    .cookies-policy p,\n    .cookies-policy li {\n      margin: 0.5em 0 0 1em;\n      color: #e0e0e0;\n    }\n    .cookies-policy ul {\n      margin: 0.5em 0 0 1em;\n      padding-left: 1em;\n    }\n  <\/style>\n<\/head>\n<body>\n  <div class=\"cookies-policy\">\n    <h2>POLITYKA PLIK\u00d3W COOKIES<\/h2>\n\n    <details>\n      <summary>I. DEFINICJE<\/summary>\n      <p>1. <strong>Administrator<\/strong> \u2013 BHU PROMOTION AGNIESZKA J\u0118DRZEJEWSKA z siedzib\u0105 w Dobrzykowicach, 55-002, ul. Cedrowa 2, NIP: 8951182281, REGON: 932635263, tel. 502 034 021, e-mail: aga@promotion.com.pl, wpisana do CEIDG.<\/p>\n      <p>2. <strong>Cookies<\/strong> \u2013 dane informatyczne, niewielkie pliki tekstowe, zapisywane i przechowywane na urz\u0105dzeniach, za po\u015brednictwem kt\u00f3rych U\u017cytkownik korzysta ze strony Administratora.<\/p>\n      <p>3. <strong>Urz\u0105dzenie<\/strong> \u2013 elektroniczne urz\u0105dzenie, za po\u015brednictwem kt\u00f3rego U\u017cytkownik uzyskuje dost\u0119p do strony Administratora.<\/p>\n      <p>4. <strong>U\u017cytkownik<\/strong> \u2013 podmiot, na rzecz kt\u00f3rego zgodnie z Regulaminem mog\u0105 by\u0107 \u015bwiadczone us\u0142ugi drog\u0105 elektroniczn\u0105 lub z kt\u00f3rym mo\u017ce by\u0107 zawarta Umowa o \u015bwiadczenie us\u0142ug drog\u0105 elektroniczn\u0105.<\/p>\n    <\/details>\n\n    <details>\n      <summary>II. STOSOWANIE PLIK\u00d3W COOKIES<\/summary>\n      <p>1. Administrator wykorzystuje pliki Cookies za po\u015brednictwem swojej strony internetowej.<\/p>\n      <p>2. Informacje z Cookies s\u0142u\u017c\u0105 optymalizacji dzia\u0142ania strony, celom statystycznym oraz reklamowym.<\/p>\n      <p>3. Cookies rejestruj\u0105 aktywno\u015b\u0107 U\u017cytkownika, rozpoznaj\u0105c urz\u0105dzenie, co pozwala na zoptymalizowane wy\u015bwietlanie strony.<\/p>\n      <p>4. Rozwi\u0105zania s\u0105 bezpieczne \u2013 nie umo\u017cliwiaj\u0105 przedostania si\u0119 z\u0142o\u015bliwego oprogramowania na urz\u0105dzenia U\u017cytkownik\u00f3w.<\/p>\n      <p>5. Administrator stosuje dwa typy plik\u00f3w Cookies:<\/p>\n      <ul>\n        <li><strong>Cookies sesyjne<\/strong>: przechowywane na urz\u0105dzeniu do zako\u0144czenia sesji przegl\u0105darki; trwale usuwane po zamkni\u0119ciu przegl\u0105darki; nie zbieraj\u0105 danych osobowych ani poufnych.<\/li>\n        <li><strong>Cookies trwa\u0142e<\/strong>: pozostaj\u0105 na urz\u0105dzeniu do momentu ich skasowania; zamkni\u0119cie przegl\u0105darki lub wy\u0142\u0105czenie urz\u0105dzenia nie usuwa ich; te\u017c nie pobieraj\u0105 danych osobowych ani poufnych.<\/li>\n      <\/ul>\n    <\/details>\n\n    <details>\n      <summary>III. SPOSOBY OKRE\u015aLENIA WARUNK\u00d3W PRZECHOWYWANIA LUB UZYSKIWANIA DOST\u0118P\u00d3W DO COOKIES<\/summary>\n      <p>1. U\u017cytkownik mo\u017ce ograniczy\u0107 lub wy\u0142\u0105czy\u0107 Cookies; w takim wypadku korzystanie z Serwisu mo\u017ce by\u0107 mo\u017cliwe z wy\u0142\u0105czeniem funkcji wymagaj\u0105cych Cookies.<\/p>\n      <p>2. Ustawienia Cookies mo\u017cna zmieni\u0107 w przegl\u0105darce lub konfiguracji us\u0142ugi \u2013 np. blokowa\u0107 automatyczn\u0105 obs\u0142ug\u0119 lub informowa\u0107 o ka\u017cdorazowym zapisaniu.<\/p>\n      <p>3. U\u017cytkownik mo\u017ce w ka\u017cdej chwili usun\u0105\u0107 pliki Cookies za pomoc\u0105 funkcji przegl\u0105darki.<\/p>\n      <p>4. Ograniczenie stosowania Cookies mo\u017ce wp\u0142yn\u0105\u0107 na dost\u0119pno\u015b\u0107 niekt\u00f3rych funkcji Serwisu.<\/p>\n    <\/details>\n\n  <\/div>\n<\/body>\n<\/html>","protected":false},"excerpt":{"rendered":"<p>Polityka plik\u00f3w Cookies POLITYKA PLIK\u00d3W COOKIES I. DEFINICJE 1. Administrator \u2013 BHU PROMOTION AGNIESZKA J\u0118DRZEJEWSKA z siedzib\u0105 w Dobrzykowicach, 55-002, ul. Cedrowa 2, NIP: 8951182281, REGON: 932635263, tel. 502 034 021, e-mail: aga@promotion.com.pl, wpisana do CEIDG. 2. Cookies \u2013 dane informatyczne, niewielkie pliki tekstowe, zapisywane i przechowywane na urz\u0105dzeniach, za po\u015brednictwem kt\u00f3rych U\u017cytkownik korzysta ze [&hellip;]<\/p>","protected":false},"author":2,"featured_media":0,"parent":0,"menu_order":0,"comment_status":"closed","ping_status":"closed","template":"","meta":{"_uag_custom_page_level_css":"","footnotes":""},"class_list":["post-2301","page","type-page","status-publish","hentry"],"uagb_featured_image_src":{"full":false,"thumbnail":false,"medium":false,"medium_large":false,"large":false,"1536x1536":false,"2048x2048":false,"trp-custom-language-flag":false},"uagb_author_info":{"display_name":"janusz","author_link":"https:\/\/wakacje-we-francji.pl\/en\/author\/janusz\/"},"uagb_comment_info":0,"uagb_excerpt":"Polityka plik\u00f3w Cookies POLITYKA PLIK\u00d3W COOKIES I. DEFINICJE 1. Administrator \u2013 BHU PROMOTION AGNIESZKA J\u0118DRZEJEWSKA z siedzib\u0105 w Dobrzykowicach, 55-002, ul. Cedrowa 2, NIP: 8951182281, REGON: 932635263, tel. 502 034 021, e-mail: aga@promotion.com.pl, wpisana do CEIDG. 2. Cookies \u2013 dane informatyczne, niewielkie pliki tekstowe, zapisywane i przechowywane na urz\u0105dzeniach, za po\u015brednictwem kt\u00f3rych U\u017cytkownik korzysta ze&hellip;","_links":{"self":[{"href":"https:\/\/wakacje-we-francji.pl\/en\/wp-json\/wp\/v2\/pages\/2301","targetHints":{"allow":["GET"]}}],"collection":[{"href":"https:\/\/wakacje-we-francji.pl\/en\/wp-json\/wp\/v2\/pages"}],"about":[{"href":"https:\/\/wakacje-we-francji.pl\/en\/wp-json\/wp\/v2\/types\/page"}],"author":[{"embeddable":true,"href":"https:\/\/wakacje-we-francji.pl\/en\/wp-json\/wp\/v2\/users\/2"}],"replies":[{"embeddable":true,"href":"https:\/\/wakacje-we-francji.pl\/en\/wp-json\/wp\/v2\/comments?post=2301"}],"version-history":[{"count":1,"href":"https:\/\/wakacje-we-francji.pl\/en\/wp-json\/wp\/v2\/pages\/2301\/revisions"}],"predecessor-version":[{"id":2302,"href":"https:\/\/wakacje-we-francji.pl\/en\/wp-json\/wp\/v2\/pages\/2301\/revisions\/2302"}],"wp:attachment":[{"href":"https:\/\/wakacje-we-francji.pl\/en\/wp-json\/wp\/v2\/media?parent=2301"}],"curies":[{"name":"wp","href":"https:\/\/api.w.org\/{rel}","templated":true}]}}