{"id":2584,"date":"2025-09-08T15:06:39","date_gmt":"2025-09-08T13:06:39","guid":{"rendered":"https:\/\/wakacje-we-francji.pl\/?page_id=2584"},"modified":"2025-09-08T15:21:24","modified_gmt":"2025-09-08T13:21:24","slug":"wystawy-w-paryzu","status":"publish","type":"page","link":"https:\/\/wakacje-we-francji.pl\/en\/wystawy-w-paryzu\/","title":{"rendered":"Wystawy w Pary\u017cu"},"content":{"rendered":"<!-- WKLEJ JAKO JEDEN BLOK (np. w edytorze HTML\/Gutenberg). Usu\u0144 poprzedni kod Tiqets. -->\n<style>\n  :root{\n    \/* ustaw docelow\u0105 szeroko\u015b\u0107 tre\u015bci wewn\u0105trz sekcji *\/\n    --tiqets-max-width: 1440px;\n    --tiqets-vertical-pad: clamp(24px, 3vw, 48px);\n  }\n\n  \/* Pe\u0142na szeroko\u015b\u0107 (full-bleed) + t\u0142o jak na stronie *\/\n  .tiqets-fullbleed{\n    width: 100vw;\n    margin-left: calc(50% - 50vw);\n    margin-right: calc(50% - 50vw);\n    background: inherit;            \/* dziedziczy niebieskie t\u0142o strony *\/\n    padding: var(--tiqets-vertical-pad) 0;\n    position: relative;\n    z-index: 0;\n  }\n\n  \/* Szerzej rozstawione \u2013 zwi\u0119kszamy \u201erynienk\u0119\u201d strony *\/\n  .tiqets-inner{\n    max-width: var(--tiqets-max-width);\n    margin: 0 auto;\n    padding: 0 clamp(12px, 2vw, 24px);\n  }\n\n  \/* Kontener widgetu musi si\u0119 rozci\u0105ga\u0107 na 100% *\/\n  #tiqets-root{\n    display: block;\n    width: 100%;\n  }\n\n  \/* Gdy Tiqets wstawia <iframe>, rozci\u0105gamy go i pr\u00f3bujemy usun\u0105\u0107 bia\u0142y \u201ekarton\u201d *\/\n  #tiqets-root iframe{\n    display: block;\n    width: 100% !important;\n    min-height: 1200px;             \/* dopasuj, je\u015bli trzeba *\/\n    border: 0;\n    background: transparent;\n  }\n\n  \/* Na wszelki wypadek \u2013 je\u015bli przodkowie mieli overflow:hidden, odblokuj widoczno\u015b\u0107\n     (tylko dla sekcji z widgetem, \u017ceby nie narusza\u0107 reszty strony) *\/\n  .tiqets-fullbleed, .tiqets-fullbleed *{\n    overflow: visible !important;\n  }\n\n  \/* Je\u015bli motyw wspiera alignfull\/alignwide, te\u017c to wykorzystamy *\/\n  .tiqets-fullbleed.alignfull{ width:100vw; }\n<\/style>\n\n<section class=\"tiqets-fullbleed alignfull\" id=\"tiqets-wrapper\">\n  <div class=\"tiqets-inner\">\n    <div\n      id=\"tiqets-root\"\n      data-tiqets-widget=\"discovery\"\n      data-cards-layout=\"responsive\"\n      data-content-type=\"exhibition\"\n      data-item_count=\"20\"\n      data-destination-type=\"city\"\n      data-destination-id=\"66746\"\n      data-slug-ids=\"\"\n      data-partner=\"bhu_promotion\">\n    <\/div>\n  <\/div>\n<\/section>\n\n<script>\n  (function(){\n    \/\/ Obserwuj pojawienie si\u0119 iframe i nadaj mu przezroczyste t\u0142o + pe\u0142n\u0105 szeroko\u015b\u0107\n    var root = document.getElementById('tiqets-root');\n    var obs = new MutationObserver(function(list){\n      list.forEach(function(m){\n        m.addedNodes && m.addedNodes.forEach(function(n){\n          if(n.tagName === 'IFRAME'){\n            n.style.width = '100%';\n            n.style.border = '0';\n            n.style.background = 'transparent';\n            n.setAttribute('allowtransparency','true');\n          }\n        });\n      });\n    });\n    obs.observe(root, { childList: true });\n\n    \/\/ Za\u0142aduj skrypt Tiqets dopiero po przygotowaniu kontenera (\u017ceby unikn\u0105\u0107 \u015bciskania w w\u0105skiej kolumnie)\n    var s = document.createElement('script');\n    s.src = 'https:\/\/widgets.tiqets.com\/loader.js';\n    s.defer = true;\n    document.head.appendChild(s);\n  })();\n<\/script>\n\n\n\n\n<p><\/p>","protected":false},"excerpt":{"rendered":"","protected":false},"author":2,"featured_media":0,"parent":0,"menu_order":0,"comment_status":"closed","ping_status":"closed","template":"","meta":{"_uag_custom_page_level_css":"","footnotes":""},"class_list":["post-2584","page","type-page","status-publish","hentry"],"uagb_featured_image_src":{"full":false,"thumbnail":false,"medium":false,"medium_large":false,"large":false,"1536x1536":false,"2048x2048":false,"trp-custom-language-flag":false},"uagb_author_info":{"display_name":"janusz","author_link":"https:\/\/wakacje-we-francji.pl\/en\/author\/janusz\/"},"uagb_comment_info":0,"uagb_excerpt":null,"_links":{"self":[{"href":"https:\/\/wakacje-we-francji.pl\/en\/wp-json\/wp\/v2\/pages\/2584","targetHints":{"allow":["GET"]}}],"collection":[{"href":"https:\/\/wakacje-we-francji.pl\/en\/wp-json\/wp\/v2\/pages"}],"about":[{"href":"https:\/\/wakacje-we-francji.pl\/en\/wp-json\/wp\/v2\/types\/page"}],"author":[{"embeddable":true,"href":"https:\/\/wakacje-we-francji.pl\/en\/wp-json\/wp\/v2\/users\/2"}],"replies":[{"embeddable":true,"href":"https:\/\/wakacje-we-francji.pl\/en\/wp-json\/wp\/v2\/comments?post=2584"}],"version-history":[{"count":5,"href":"https:\/\/wakacje-we-francji.pl\/en\/wp-json\/wp\/v2\/pages\/2584\/revisions"}],"predecessor-version":[{"id":2590,"href":"https:\/\/wakacje-we-francji.pl\/en\/wp-json\/wp\/v2\/pages\/2584\/revisions\/2590"}],"wp:attachment":[{"href":"https:\/\/wakacje-we-francji.pl\/en\/wp-json\/wp\/v2\/media?parent=2584"}],"curies":[{"name":"wp","href":"https:\/\/api.w.org\/{rel}","templated":true}]}}