{"id":3352,"date":"2025-11-19T12:31:55","date_gmt":"2025-11-19T11:31:55","guid":{"rendered":"https:\/\/wakacje-we-francji.pl\/?page_id=3352"},"modified":"2025-11-19T12:55:53","modified_gmt":"2025-11-19T11:55:53","slug":"rejs-godz-1815","status":"publish","type":"page","link":"https:\/\/wakacje-we-francji.pl\/en\/rejs-godz-1815\/","title":{"rendered":"Rejs godz. 18,15"},"content":{"rendered":"<!DOCTYPE html>\n<html lang=\"pl\">\n<head>\n  <meta charset=\"utf-8\" \/>\n  <meta name=\"viewport\" content=\"width=device-width, initial-scale=1\" \/>\n  <title>Bateaux Parisiens \u2013 Kolacja 18:15 | Zapytania<\/title>\n  <script src=\"https:\/\/cdn.tailwindcss.com\"><\/script>\n  <link rel=\"preconnect\" href=\"https:\/\/fonts.googleapis.com\">\n  <link rel=\"preconnect\" href=\"https:\/\/fonts.gstatic.com\" crossorigin>\n  <link href=\"https:\/\/fonts.googleapis.com\/css2?family=Inter:wght@300;400;500;600;700&#038;display=swap\" rel=\"stylesheet\">\n  <style>\n    body {\n      font-family: Inter, system-ui, -apple-system, Segoe UI, Roboto, \"Helvetica Neue\", Arial, \"Noto Sans\", \"Liberation Sans\", sans-serif;\n      background-color: #305d9b;\n    }\n    .card:hover { transform: translateY(-2px); box-shadow: 0 10px 24px rgba(0,0,0,.12); }\n  <\/style>\n<\/head>\n\n<body class=\"text-black\">\n\n<!-- HERO -->\n<header class=\"relative\">\n  <img decoding=\"async\"\n    src=\"https:\/\/www.bateauxparisiens.com\/upload\/photos\/5818\/t9.jpg\"\n    alt=\"Kolacja Bateaux Parisiens\"\n    class=\"w-full h-[55vh] md:h-[70vh] object-cover object-center\"\n  >\n  <div class=\"absolute inset-0 bg-black\/45\"><\/div>\n\n  <div class=\"absolute inset-0 flex items-center\">\n    <div class=\"container mx-auto px-4 py-6 sm:py-10\">\n      <div class=\"max-w-3xl bg-black\/40 rounded-2xl px-4 sm:px-6 py-5 sm:py-6 backdrop-blur text-white\">\n\n        <p class=\"inline-flex items-center rounded-full bg-white\/10 px-4 py-1 text-xs sm:text-sm font-medium text-white\/90 mb-3\">\n          Kolacja \u2022 godzina 18h15\n        <\/p>\n\n        <h1 class=\"text-2xl sm:text-4xl md:text-5xl font-semibold leading-tight\">\n          Rejs po Sekwanie z kolacj\u0105 Bateaux Parisiens \u2013 18:15\n        <\/h1>\n\n        <p class=\"text-sm sm:text-base md:text-lg mt-3\">\n          Wieczorna kolacja na pok\u0142adzie przeszklonego statku. Rezerwacja na zapytanie \u2013 wybierz serwis i wy\u015blij do nas e-mail z dat\u0105, liczb\u0105 os\u00f3b i preferowanym menu.\n        <\/p>\n\n        <div class=\"mt-4 flex flex-col sm:flex-row sm:flex-wrap gap-3\">\n          <a\n            href=\"https:\/\/wakacje-we-francji.pl\/wp-content\/uploads\/2025\/11\/Menu-18h15-AH-25-26.pdf\"\n            target=\"_blank\"\n            class=\"inline-flex items-center gap-2 rounded-xl bg-[#F37021] hover:bg-[#d85f1b] text-white font-medium px-4 py-2 shadow w-full sm:w-auto justify-center\"\n          >\n            \ud83d\udcc4 Menu kolacyjne 18h15 (PDF)\n          <\/a>\n\n          <a\n            href=\"#miejsce\"\n            class=\"inline-flex items-center gap-2 rounded-xl bg-[#F37021] hover:bg-[#d85f1b] text-white font-medium px-4 py-2 shadow w-full sm:w-auto justify-center\"\n          >\n            \ud83e\ude91 Zobacz przyk\u0142adowe miejsca\n          <\/a>\n        <\/div>\n\n      <\/div>\n    <\/div>\n  <\/div>\n<\/header>\n\n\n<!-- TRE\u015a\u0106 G\u0141\u00d3WNA -->\n<main class=\"container mx-auto px-4 py-10 text-black\">\n\n<!-- Pasek informacji -->\n<div class=\"mb-8\">\n  <div class=\"overflow-hidden rounded-2xl shadow bg-white\">\n    <div class=\"grid grid-cols-1 sm:grid-cols-3 divide-y sm:divide-y-0 sm:divide-x\">\n\n      <div class=\"p-4 sm:p-5 flex items-center gap-3 justify-center\">\n        <span class=\"text-2xl\">\u23f1\ufe0f<\/span>\n        <div>\n          <div class=\"text-xs sm:text-sm text-gray-600\">Czas trwania<\/div>\n          <div class=\"font-semibold text-sm sm:text-base text-gray-800\">Croisi\u00e8re 1h15<\/div>\n        <\/div>\n      <\/div>\n\n      <div class=\"p-4 sm:p-5 flex items-center gap-3 justify-center\">\n        <span class=\"text-2xl\">\ud83c\udf7d\ufe0f<\/span>\n        <div>\n          <div class=\"text-xs sm:text-sm text-gray-600\">W cenie<\/div>\n          <div class=\"font-semibold text-sm sm:text-base text-gray-800\">Menu kolacyjne<\/div>\n        <\/div>\n      <\/div>\n\n      <div class=\"p-4 sm:p-5 flex items-center gap-3 justify-center\">\n        <span class=\"text-2xl\">\ud83e\udd42<\/span>\n        <div>\n          <div class=\"text-xs sm:text-sm text-gray-600\">W cenie<\/div>\n          <div class=\"font-semibold text-sm sm:text-base text-gray-800\">Boissons &amp; Vins<\/div>\n        <\/div>\n      <\/div>\n\n    <\/div>\n  <\/div>\n<\/div>\n\n<h2 class=\"text-2xl md:text-3xl font-semibold mb-6 text-white drop-shadow\">\n  Wybierz serwis (18:15)\n<\/h2>\n\n\n<!-- KARTY SERWIS\u00d3W -->\n<div class=\"grid md:grid-cols-2 xl:grid-cols-2 gap-6\">\n\n  <!-- \u00c9toile -->\n  <article class=\"card bg-white rounded-2xl shadow p-6 flex flex-col\">\n    <div class=\"flex items-center justify-between gap-4\">\n      <h3 class=\"text-xl font-semibold text-gray-800\">Service \u00c9toile 18h15<\/h3>\n      <span class=\"text-lg font-bold text-gray-800\">\n        \u20ac99 <span class=\"text-sm text-gray-600 font-normal\">(dziecko \u20ac40)<\/span>\n      <\/span>\n    <\/div>\n\n    <p class=\"mt-3 text-sm leading-relaxed text-gray-700\">\n      Stoliki 2\u201310 os., miejsce w centrum statku.<br>\n      Kir <em>Blanc de Blancs<\/em> w aperitifie.<br>\n      <strong class=\"text-gray-800\">Przystawka + danie g\u0142\u00f3wne + deser.<\/strong><br>\n      Napoje wliczone w cen\u0119.\n    <\/p>\n\n    <figure class=\"mt-4\">\n      <img decoding=\"async\" src=\"https:\/\/www.bateauxparisiens.com\/upload\/photos\/8181\/t15.jpg\" class=\"rounded-xl w-full object-cover\">\n      <figcaption class=\"mt-2 text-xs text-gray-600\">Plan miejsc \u2013 strefa \u015brodkowa (\u00c9toile)<\/figcaption>\n    <\/figure>\n\n    <a\n      class=\"mt-5 inline-flex justify-center items-center gap-2 rounded-xl bg-[#F37021] hover:bg-[#d85f1b] text-white px-4 py-3 font-medium\"\n      href=\"mailto:aga@promotion.com.pl?subject=Zapytanie:%20Service%20\u00c9toile%2018:15\"\n    >\n      Jestem zainteresowany tym rejsem\n    <\/a>\n  <\/article>\n\n\n  <!-- Privil\u00e8ge -->\n  <article class=\"card bg-white rounded-2xl shadow p-6 flex flex-col\">\n    <div class=\"flex items-center justify-between gap-4\">\n      <h3 class=\"text-xl font-semibold text-gray-800\">Service Privil\u00e8ge 18h15<\/h3>\n      <span class=\"text-lg font-bold text-gray-800\">\n        \u20ac129 <span class=\"text-sm text-gray-600 font-normal\">(dziecko \u20ac129)<\/span>\n      <\/span>\n    <\/div>\n\n    <p class=\"mt-3 text-sm leading-relaxed text-gray-700\">\n      Stoliki 2\u20134 os., <strong class=\"text-gray-800\">przy przeszklonej burcie (baie vitr\u00e9e).<\/strong><br>\n      Kir <em>Blanc de Blancs<\/em> w aperitifie.<br>\n      <strong class=\"text-gray-800\">Przystawka + danie g\u0142\u00f3wne + deser.<\/strong><br>\n      Napoje wliczone w cen\u0119.\n    <\/p>\n\n    <figure class=\"mt-4\">\n      <img decoding=\"async\" src=\"https:\/\/www.bateauxparisiens.com\/upload\/photos\/8183\/t15.jpg\" class=\"rounded-xl w-full object-cover\">\n      <figcaption class=\"mt-2 text-xs text-gray-600\">Plan miejsc \u2013 przy oknach (Privil\u00e8ge)<\/figcaption>\n    <\/figure>\n\n    <a\n      class=\"mt-5 inline-flex justify-center items-center gap-2 rounded-xl bg-[#F37021] hover:bg-[#d85f1b] text-white px-4 py-3 font-medium\"\n      href=\"mailto:aga@promotion.com.pl?subject=Zapytanie:%20Service%20Privil\u00e8ge%2018:15\"\n    >\n      Jestem zainteresowany tym rejsem\n    <\/a>\n  <\/article>\n\n\n  <!-- Premier -->\n  <article class=\"card bg-white rounded-2xl shadow p-6 flex flex-col\">\n    <div class=\"flex items-center justify-between gap-4\">\n      <h3 class=\"text-xl font-semibold text-gray-800\">Service Premier 18h15<\/h3>\n      <span class=\"text-lg font-bold text-gray-800\">\n        \u20ac154 <span class=\"text-sm text-gray-600 font-normal\">(dziecko \u20ac154)<\/span>\n      <\/span>\n    <\/div>\n\n    <p class=\"mt-3 text-sm leading-relaxed text-gray-700\">\n      Stoliki 2\u201310 os., <strong class=\"text-gray-800\">prz\u00f3d statku.<\/strong><br>\n      Kieliszek szampana na start.<br>\n      <strong class=\"text-gray-800\">Ma\u0142a przystawka (mise en bouche) + przystawka + danie g\u0142\u00f3wne + deser.<\/strong><br>\n      Selekcja win.\n    <\/p>\n\n    <figure class=\"mt-4\">\n      <img decoding=\"async\" src=\"https:\/\/www.bateauxparisiens.com\/upload\/photos\/8184\/t15.jpg\" class=\"rounded-xl w-full object-cover\">\n      <figcaption class=\"mt-2 text-xs text-gray-600\">Plan miejsc \u2013 prz\u00f3d statku (Premier)<\/figcaption>\n    <\/figure>\n\n    <a\n      class=\"mt-5 inline-flex justify-center items-center gap-2 rounded-xl bg-[#F37021] hover:bg-[#d85f1b] text-white px-4 py-3 font-medium\"\n      href=\"mailto:aga@promotion.com.pl?subject=Zapytanie:%20Service%20Premier%2018:15\"\n    >\n      Jestem zainteresowany tym rejsem\n    <\/a>\n  <\/article>\n\n\n  <!-- Premier Baie Vitr\u00e9e -->\n  <article class=\"card bg-white rounded-2xl shadow p-6 flex flex-col\">\n    <div class=\"flex items-center justify-between gap-4\">\n      <h3 class=\"text-xl font-semibold text-gray-800\">Service Premier Baie Vitr\u00e9e 18h15<\/h3>\n      <span class=\"text-lg font-bold text-gray-800\">\n        \u20ac174 <span class=\"text-sm text-gray-600 font-normal\">(dziecko \u20ac174)<\/span>\n      <\/span>\n    <\/div>\n\n    <p class=\"mt-3 text-sm leading-relaxed text-gray-700\">\n      Stoliki 2\u201310 os., <strong class=\"text-gray-800\">prz\u00f3d statku w przeszklonej zatoce (baie vitr\u00e9e).<\/strong><br>\n      Kieliszek szampana.<br>\n      <strong class=\"text-gray-800\">Ma\u0142a przystawka (mise en bouche) + przystawka + danie g\u0142\u00f3wne + deser.<\/strong><br>\n      Selekcja win.\n    <\/p>\n\n    <figure class=\"mt-4\">\n      <img decoding=\"async\" src=\"https:\/\/www.bateauxparisiens.com\/upload\/photos\/8185\/t15.jpg\" class=\"rounded-xl w-full object-cover\">\n      <figcaption class=\"mt-2 text-xs text-gray-600\">Plan miejsc \u2013 prz\u00f3d statku (Baie Vitr\u00e9e)<\/figcaption>\n    <\/figure>\n\n    <a\n      class=\"mt-5 inline-flex justify-center items-center gap-2 rounded-xl bg-[#F37021] hover:bg-[#d85f1b] text-white px-4 py-3 font-medium\"\n      href=\"mailto:aga@promotion.com.pl?subject=Zapytanie:%20Service%20Premier%20Baie%20Vitr\u00e9e%2018:15\"\n    >\n      Jestem zainteresowany tym rejsem\n    <\/a>\n  <\/article>\n\n<\/div>\n\n\n<!-- Miejsca -->\n<section id=\"miejsce\" class=\"mt-14\">\n  <h2 class=\"text-2xl md:text-3xl font-semibold mb-4 text-white drop-shadow\">\n    Przyk\u0142adowe miejsca na statku \u2013 kolacja\n  <\/h2>\n\n  <p class=\"text-sm text-gray-100\/90 mb-5 max-w-2xl\">\n    Zdj\u0119cia pogl\u0105dowe z wieczornych rejs\u00f3w Bateaux Parisiens.\n  <\/p>\n\n  <div class=\"grid md:grid-cols-4 gap-4\">\n    <img decoding=\"async\" src=\"https:\/\/wakacje-we-francji.pl\/wp-content\/uploads\/2025\/11\/noc-rejs1.jpg\" class=\"rounded-xl w-full h-64 object-cover\">\n    <img decoding=\"async\" src=\"https:\/\/wakacje-we-francji.pl\/wp-content\/uploads\/2025\/11\/noc-rejs2.jpg\" class=\"rounded-xl w-full h-64 object-cover\">\n    <img decoding=\"async\" src=\"https:\/\/wakacje-we-francji.pl\/wp-content\/uploads\/2025\/11\/noc-rejs3.jpg\" class=\"rounded-xl w-full h-64 object-cover\">\n    <img decoding=\"async\" src=\"https:\/\/wakacje-we-francji.pl\/wp-content\/uploads\/2025\/11\/noc-rejs4.jpg\" class=\"rounded-xl w-full h-64 object-cover\">\n  <\/div>\n<\/section>\n\n\n<!-- PLAN -->\n<section id=\"plan\" class=\"mt-14 mb-10\">\n  <h2 class=\"text-2xl md:text-3xl font-semibold mb-4 text-white drop-shadow\">\n    Plan rejsu\n  <\/h2>\n\n  <div class=\"bg-white rounded-2xl shadow p-4\">\n    <img decoding=\"async\" src=\"https:\/\/www.bateauxparisiens.com\/upload\/photos\/7929\/t15.png\" class=\"w-full h-auto rounded-xl\">\n    <p class=\"text-xs text-gray-600 mt-3\">\n      Legenda: czarna trasa \u2013 Croisi\u00e8re D\u00e9jeuner 12h45 i D\u00eener 20h30; \n      pomara\u0144czowa \u2013 D\u00eener 18h15.\n    <\/p>\n  <\/div>\n<\/section>\n\n<\/main>\n\n<\/body>\n<\/html>\n\n\n\n\n<p><\/p>","protected":false},"excerpt":{"rendered":"<p>Bateaux Parisiens \u2013 Kolacja 18:15 | Zapytania Kolacja \u2022 godzina 18h15 Rejs po Sekwanie z kolacj\u0105 Bateaux Parisiens \u2013 18:15 Wieczorna kolacja na pok\u0142adzie przeszklonego statku. Rezerwacja na zapytanie \u2013 wybierz serwis i wy\u015blij do nas e-mail z dat\u0105, liczb\u0105 os\u00f3b i preferowanym menu. \ud83d\udcc4 Menu kolacyjne 18h15 (PDF) \ud83e\ude91 Zobacz przyk\u0142adowe miejsca \u23f1\ufe0f Czas [&hellip;]<\/p>","protected":false},"author":2,"featured_media":0,"parent":0,"menu_order":0,"comment_status":"closed","ping_status":"closed","template":"","meta":{"_uag_custom_page_level_css":"","footnotes":""},"class_list":["post-3352","page","type-page","status-publish","hentry"],"uagb_featured_image_src":{"full":false,"thumbnail":false,"medium":false,"medium_large":false,"large":false,"1536x1536":false,"2048x2048":false,"trp-custom-language-flag":false},"uagb_author_info":{"display_name":"janusz","author_link":"https:\/\/wakacje-we-francji.pl\/en\/author\/janusz\/"},"uagb_comment_info":0,"uagb_excerpt":"Bateaux Parisiens \u2013 Kolacja 18:15 | Zapytania Kolacja \u2022 godzina 18h15 Rejs po Sekwanie z kolacj\u0105 Bateaux Parisiens \u2013 18:15 Wieczorna kolacja na pok\u0142adzie przeszklonego statku. Rezerwacja na zapytanie \u2013 wybierz serwis i wy\u015blij do nas e-mail z dat\u0105, liczb\u0105 os\u00f3b i preferowanym menu. \ud83d\udcc4 Menu kolacyjne 18h15 (PDF) \ud83e\ude91 Zobacz przyk\u0142adowe miejsca \u23f1\ufe0f Czas&hellip;","_links":{"self":[{"href":"https:\/\/wakacje-we-francji.pl\/en\/wp-json\/wp\/v2\/pages\/3352","targetHints":{"allow":["GET"]}}],"collection":[{"href":"https:\/\/wakacje-we-francji.pl\/en\/wp-json\/wp\/v2\/pages"}],"about":[{"href":"https:\/\/wakacje-we-francji.pl\/en\/wp-json\/wp\/v2\/types\/page"}],"author":[{"embeddable":true,"href":"https:\/\/wakacje-we-francji.pl\/en\/wp-json\/wp\/v2\/users\/2"}],"replies":[{"embeddable":true,"href":"https:\/\/wakacje-we-francji.pl\/en\/wp-json\/wp\/v2\/comments?post=3352"}],"version-history":[{"count":4,"href":"https:\/\/wakacje-we-francji.pl\/en\/wp-json\/wp\/v2\/pages\/3352\/revisions"}],"predecessor-version":[{"id":3360,"href":"https:\/\/wakacje-we-francji.pl\/en\/wp-json\/wp\/v2\/pages\/3352\/revisions\/3360"}],"wp:attachment":[{"href":"https:\/\/wakacje-we-francji.pl\/en\/wp-json\/wp\/v2\/media?parent=3352"}],"curies":[{"name":"wp","href":"https:\/\/api.w.org\/{rel}","templated":true}]}}