{"id":3586,"date":"2026-02-11T16:08:23","date_gmt":"2026-02-11T15:08:23","guid":{"rendered":"https:\/\/wakacje-we-francji.pl\/?page_id=3586"},"modified":"2026-02-11T16:34:29","modified_gmt":"2026-02-11T15:34:29","slug":"kontakt","status":"publish","type":"page","link":"https:\/\/wakacje-we-francji.pl\/en\/kontakt\/","title":{"rendered":"kontakt"},"content":{"rendered":"<div data-elementor-type=\"wp-page\" data-elementor-id=\"3586\" class=\"elementor elementor-3586\">\n\t\t\t\t\t\t<section class=\"elementor-section elementor-top-section elementor-element elementor-element-425acfc elementor-section-boxed elementor-section-height-default elementor-section-height-default\" data-id=\"425acfc\" data-element_type=\"section\">\n\t\t\t\t\t\t<div class=\"elementor-container elementor-column-gap-default\">\n\t\t\t\t\t<div class=\"elementor-column elementor-col-100 elementor-top-column elementor-element elementor-element-9f02ac5\" data-id=\"9f02ac5\" data-element_type=\"column\">\n\t\t\t<div class=\"elementor-widget-wrap elementor-element-populated\">\n\t\t\t\t\t\t<div class=\"elementor-element elementor-element-77c5869 elementor-widget elementor-widget-html\" data-id=\"77c5869\" data-element_type=\"widget\" data-widget_type=\"html.default\">\n\t\t\t\t<div class=\"elementor-widget-container\">\n\t\t\t\t\t<style>\n  \/* Wakacje-we-francji.pl \u2014 Kontakt (boxy na istniej\u0105cym tle) *\/\n  .wffx-contact{\n    max-width: 980px;\n    margin: 0 auto;\n    padding: 0 12px;\n    box-sizing: border-box;\n  }\n\n  .wffx-head{\n    text-align: center;\n    margin-bottom: 16px;\n  }\n\n  .wffx-kicker{\n    display:inline-flex;\n    align-items:center;\n    gap:10px;\n    padding: 7px 12px;\n    border-radius: 999px;\n    color: rgba(255,255,255,0.92);\n    font-weight: 800;\n    font-size: 12px;\n    letter-spacing: 1px;\n    text-transform: uppercase;\n    background: rgba(255,255,255,0.10);\n    border: 1px solid rgba(255,255,255,0.16);\n    box-shadow: 0 10px 26px rgba(0,0,0,0.18);\n  }\n\n  .wffx-kicker .dot{\n    width:10px;height:10px;border-radius:99px;\n    background: linear-gradient(135deg, #60a5fa, #22d3ee);\n    box-shadow: 0 10px 20px rgba(34,211,238,0.20);\n  }\n\n  .wffx-sub{\n    margin: 10px auto 0 auto;\n    max-width: 70ch;\n    color: rgba(255,255,255,0.80);\n    font-size: 14px;\n    line-height: 1.75;\n  }\n\n  .wffx-grid{\n    display:grid;\n    grid-template-columns: 1fr 1fr;\n    gap: 18px;\n    align-items: stretch;\n  }\n\n  .wffx-card{\n    position: relative;\n    border-radius: 22px;\n    padding: 22px;\n    color: #fff;\n\n    background: linear-gradient(180deg, rgba(255,255,255,0.12), rgba(255,255,255,0.08));\n    border: 1px solid rgba(255,255,255,0.18);\n    box-shadow: 0 18px 48px rgba(0,0,0,0.22);\n    backdrop-filter: blur(8px);\n    -webkit-backdrop-filter: blur(8px);\n    overflow: hidden;\n  }\n\n  .wffx-card::before{\n    content:\"\";\n    position:absolute;\n    inset:-2px;\n    background:\n      radial-gradient(450px 180px at 18% 12%, rgba(96,165,250,0.25), transparent 60%),\n      radial-gradient(380px 160px at 85% 10%, rgba(34,211,238,0.20), transparent 60%),\n      radial-gradient(420px 220px at 55% 120%, rgba(255,255,255,0.10), transparent 60%);\n    pointer-events:none;\n  }\n\n  .wffx-card > *{ position: relative; }\n\n  .wffx-title{\n    margin: 0 0 10px 0;\n    font-size: 18px;\n    font-weight: 900;\n    letter-spacing: .2px;\n    display:flex;\n    align-items:center;\n    gap:10px;\n  }\n\n  .wffx-title .badge{\n    font-size: 11px;\n    font-weight: 900;\n    letter-spacing: .9px;\n    text-transform: uppercase;\n    padding: 6px 10px;\n    border-radius: 999px;\n    background: rgba(0,0,0,0.16);\n    border: 1px solid rgba(255,255,255,0.14);\n    color: rgba(255,255,255,0.90);\n  }\n\n  .wffx-item{\n    display:flex;\n    gap:12px;\n    align-items:flex-start;\n    padding: 14px 14px;\n    border-radius: 18px;\n    background: rgba(0,0,0,0.16);\n    border: 1px solid rgba(255,255,255,0.14);\n  }\n\n  .wffx-item + .wffx-item{ margin-top: 12px; }\n\n  .wffx-ico{\n    width: 44px;\n    height: 44px;\n    border-radius: 16px;\n    display:grid;\n    place-items:center;\n    flex: 0 0 auto;\n    background: rgba(255,255,255,0.10);\n    border: 1px solid rgba(255,255,255,0.14);\n    box-shadow: 0 14px 26px rgba(0,0,0,0.18);\n  }\n\n  .wffx-ico svg{\n    width: 20px;\n    height: 20px;\n    fill: rgba(255,255,255,0.95);\n  }\n\n  .wffx-meta{ flex: 1 1 auto; min-width: 0; }\n\n  .wffx-label{\n    margin: 0 0 4px 0;\n    font-size: 12px;\n    letter-spacing: .9px;\n    text-transform: uppercase;\n    font-weight: 900;\n    color: rgba(255,255,255,0.78);\n  }\n\n  .wffx-value{\n    margin: 0 0 10px 0;\n    font-size: 20px;\n    font-weight: 950;\n    line-height: 1.1;\n    letter-spacing: .2px;\n    word-break: break-word;\n  }\n\n  .wffx-value a{\n    color: #fff;\n    text-decoration: none;\n    border-bottom: 1px dashed rgba(255,255,255,0.35);\n  }\n  .wffx-value a:hover{ border-bottom-color: rgba(255,255,255,0.75); }\n\n  .wffx-actions{\n    display:flex;\n    flex-wrap:wrap;\n    gap:10px;\n  }\n\n  .wffx-btn{\n    display:inline-flex;\n    align-items:center;\n    gap:8px;\n    padding: 11px 14px;\n    border-radius: 14px;\n    text-decoration:none;\n    font-weight: 950;\n    font-size: 14px;\n    color: #fff;\n\n    background: rgba(255,255,255,0.12);\n    border: 1px solid rgba(255,255,255,0.16);\n\n    transition: transform .15s ease, filter .15s ease, box-shadow .15s ease, background .15s ease;\n    white-space: nowrap;\n  }\n\n  .wffx-btn svg{ width:16px;height:16px; fill: currentColor; }\n\n  .wffx-btn:hover{\n    transform: translateY(-1px);\n    filter: brightness(1.03);\n    background: rgba(255,255,255,0.16);\n    box-shadow: 0 14px 26px rgba(0,0,0,0.18);\n  }\n\n  \/* Akcenty przycisk\u00f3w *\/\n  .wffx-btn--call{\n    background: linear-gradient(135deg, rgba(59,130,246,0.55), rgba(34,211,238,0.28));\n    border-color: rgba(147,197,253,0.35);\n  }\n  .wffx-btn--call:hover{ background: linear-gradient(135deg, rgba(59,130,246,0.65), rgba(34,211,238,0.32)); }\n\n  .wffx-btn--wa{\n    background: linear-gradient(135deg, rgba(34,197,94,0.55), rgba(16,185,129,0.30));\n    border-color: rgba(134,239,172,0.35);\n  }\n  .wffx-btn--wa:hover{ background: linear-gradient(135deg, rgba(34,197,94,0.65), rgba(16,185,129,0.34)); }\n\n  .wffx-btn--mail{\n    background: linear-gradient(135deg, rgba(99,102,241,0.60), rgba(59,130,246,0.30));\n    border-color: rgba(199,210,254,0.35);\n  }\n  .wffx-btn--mail:hover{ background: linear-gradient(135deg, rgba(99,102,241,0.70), rgba(59,130,246,0.34)); }\n\n  .wffx-note{\n    margin: 12px 0 0 0;\n    font-size: 13px;\n    line-height: 1.7;\n    color: rgba(255,255,255,0.78);\n  }\n\n  @media (max-width: 900px){\n    .wffx-grid{ grid-template-columns: 1fr; }\n    .wffx-value{ font-size: 19px; }\n  }\n\n  @media (max-width: 520px){\n    .wffx-btn{ width:100%; justify-content:center; }\n    .wffx-card{ padding: 18px; }\n  }\n<\/style>\n\n<div class=\"wffx-contact\" aria-label=\"Contact\">\n  <div class=\"wffx-head\">\n    <div class=\"wffx-kicker\"><span class=\"dot\" aria-hidden=\"true\"><\/span>kontakt<\/div>\n    <p class=\"wffx-sub\">\n      Najszybciej z\u0142apiesz nas telefonicznie lub przez WhatsApp. Mo\u017cesz te\u017c napisa\u0107 e-mail \u2014\n      odpowiemy mo\u017cliwie szybko.\n    <\/p>\n  <\/div>\n\n  <div class=\"wffx-grid\">\n    <!-- TELEFONY -->\n    <section class=\"wffx-card\" aria-label=\"Telefony\">\n      <h2 class=\"wffx-title\">Telefony <span class=\"badge\">Call \/ WhatsApp<\/span><\/h2>\n\n      <div class=\"wffx-item\">\n        <div class=\"wffx-ico\" aria-hidden=\"true\">\n          <svg viewbox=\"0 0 24 24\"><path d=\"M6.6 10.8c1.5 3 3.6 5.1 6.6 6.6l2.2-2.2c.3-.3.7-.4 1.1-.3 1.2.4 2.5.6 3.8.6.6 0 1 .4 1 1V21c0 .6-.4 1-1 1C10.5 22 2 13.5 2 3c0-.6.4-1 1-1h4.1c.6 0 1 .4 1 1 0 1.3.2 2.6.6 3.8.1.4 0 .8-.3 1.1L6.6 10.8z\"\/><\/svg>\n        <\/div>\n        <div class=\"wffx-meta\">\n          <p class=\"wffx-label\">Telefon<\/p>\n          <p class=\"wffx-value\"><a href=\"tel:+48502034019\">502 034 019<\/a><\/p>\n          <div class=\"wffx-actions\">\n            <a class=\"wffx-btn wffx-btn--call\" href=\"tel:+48502034019\">\n              <svg viewbox=\"0 0 24 24\"><path d=\"M6.6 10.8c1.5 3 3.6 5.1 6.6 6.6l2.2-2.2c.3-.3.7-.4 1.1-.3 1.2.4 2.5.6 3.8.6.6 0 1 .4 1 1V21c0 .6-.4 1-1 1C10.5 22 2 13.5 2 3c0-.6.4-1 1-1h4.1c.6 0 1 .4 1 1 0 1.3.2 2.6.6 3.8.1.4 0 .8-.3 1.1L6.6 10.8z\"\/><\/svg>\n              Zadzwo\u0144\n            <\/a>\n            <a class=\"wffx-btn wffx-btn--wa\" href=\"https:\/\/wa.me\/48502034019\" target=\"_blank\" rel=\"noopener\">\n              <svg viewbox=\"0 0 32 32\"><path d=\"M19.11 17.58c-.3-.15-1.75-.86-2.02-.96-.27-.1-.47-.15-.66.15-.2.3-.76.96-.93 1.16-.17.2-.34.22-.64.07-.3-.15-1.25-.46-2.38-1.47-.88-.78-1.48-1.75-1.65-2.04-.17-.3-.02-.46.13-.61.14-.14.3-.34.45-.51.15-.17.2-.3.3-.5.1-.2.05-.37-.02-.52-.07-.15-.66-1.6-.9-2.2-.24-.58-.48-.5-.66-.51h-.56c-.2 0-.52.07-.8.37-.27.3-1.05 1.03-1.05 2.5s1.08 2.9 1.23 3.1c.15.2 2.13 3.26 5.16 4.57.72.31 1.28.5 1.72.64.72.23 1.37.2 1.88.12.57-.09 1.75-.71 2-1.4.25-.69.25-1.28.17-1.4-.07-.12-.27-.2-.56-.35zM16.04 3C9.4 3 4 8.36 4 14.97c0 2.32.67 4.48 1.84 6.3L4 29l7.96-1.66c1.73.94 3.72 1.47 5.84 1.47 6.64 0 12.04-5.36 12.04-11.97C29.84 8.36 22.68 3 16.04 3zm0 22.1c-1.99 0-3.83-.57-5.38-1.55l-.38-.23-4.72.99 1-4.55-.25-.37a9.98 9.98 0 0 1-1.64-5.42c0-5.52 4.52-10.01 10.12-10.01 5.6 0 10.12 4.49 10.12 10.01S21.64 25.1 16.04 25.1z\"\/><\/svg>\n              WhatsApp\n            <\/a>\n          <\/div>\n        <\/div>\n      <\/div>\n\n      <div class=\"wffx-item\">\n        <div class=\"wffx-ico\" aria-hidden=\"true\">\n          <svg viewbox=\"0 0 24 24\"><path d=\"M6.6 10.8c1.5 3 3.6 5.1 6.6 6.6l2.2-2.2c.3-.3.7-.4 1.1-.3 1.2.4 2.5.6 3.8.6.6 0 1 .4 1 1V21c0 .6-.4-1-1 1C10.5 22 2 13.5 2 3c0-.6.4-1 1-1h4.1c.6 0 1 .4 1 1 0 1.3.2 2.6.6 3.8.1.4 0 .8-.3 1.1L6.6 10.8z\"\/><\/svg>\n        <\/div>\n        <div class=\"wffx-meta\">\n          <p class=\"wffx-label\">Telefon<\/p>\n          <p class=\"wffx-value\"><a href=\"tel:+48502034021\">502 034 021<\/a><\/p>\n          <div class=\"wffx-actions\">\n            <a class=\"wffx-btn wffx-btn--call\" href=\"tel:+48502034021\">Zadzwo\u0144<\/a>\n            <a class=\"wffx-btn wffx-btn--wa\" href=\"https:\/\/wa.me\/48502034021\" target=\"_blank\" rel=\"noopener\">WhatsApp<\/a>\n          <\/div>\n        <\/div>\n      <\/div>\n\n      <p class=\"wffx-note\">\n        Je\u015bli wolisz \u2014 napisz na WhatsApp: termin, liczba os\u00f3b i region Francji (je\u015bli masz). Odpowiemy szybciej.\n      <\/p>\n    <\/section>\n\n    <!-- EMAIL -->\n    <section class=\"wffx-card\" aria-label=\"E-mail\">\n      <h2 class=\"wffx-title\">E-mail <span class=\"badge\">Szybka odpowied\u017a<\/span><\/h2>\n\n      <div class=\"wffx-item\">\n        <div class=\"wffx-ico\" aria-hidden=\"true\">\n          <svg viewbox=\"0 0 24 24\"><path d=\"M20 4H4c-1.1 0-2 .9-2 2v12c0 1.1.9 2 2 2h16c1.1 0 2-.9 2-2V6c0-1.1-.9-2-2-2zm0 4-8 5-8-5V6l8 5 8-5v2z\"\/><\/svg>\n        <\/div>\n        <div class=\"wffx-meta\">\n          <p class=\"wffx-label\">E-mail<\/p>\n          <p class=\"wffx-value\"><a href=\"mailto:aga@promotion.com.pl\">aga@promotion.com.pl<\/a><\/p>\n          <div class=\"wffx-actions\">\n            <a class=\"wffx-btn wffx-btn--mail\"\n               href=\"mailto:aga@promotion.com.pl?subject=Zapytanie%20\u2014%20wakacje-we-francji.pl\">\n              <svg viewbox=\"0 0 24 24\"><path d=\"M20 4H4c-1.1 0-2 .9-2 2v12c0 1.1.9 2 2 2h16c1.1 0 2-.9 2-2V6c0-1.1-.9-2-2-2zm0 4-8 5-8-5V6l8 5 8-5v2z\"\/><\/svg>\n              Napisz e-mail\n            <\/a>\n          <\/div>\n        <\/div>\n      <\/div>\n\n      <p class=\"wffx-note\">\n        W mailu najlepiej podaj: termin, region (je\u015bli wiesz), liczb\u0119 os\u00f3b i bud\u017cet \u2014 szybciej wr\u00f3cimy z propozycj\u0105.\n      <\/p>\n    <\/section>\n  <\/div>\n<\/div>\n\t\t\t\t<\/div>\n\t\t\t\t<\/div>\n\t\t\t\t\t<\/div>\n\t\t<\/div>\n\t\t\t\t\t<\/div>\n\t\t<\/section>\n\t\t\t\t<\/div>","protected":false},"excerpt":{"rendered":"<p>kontakt Najszybciej z\u0142apiesz nas telefonicznie lub przez WhatsApp. Mo\u017cesz te\u017c napisa\u0107 e-mail \u2014 odpowiemy mo\u017cliwie szybko. Telefony Call \/ WhatsApp Telefon 502 034 019 Zadzwo\u0144 WhatsApp Telefon 502 034 021 Zadzwo\u0144 WhatsApp Je\u015bli wolisz \u2014 napisz na WhatsApp: termin, liczba os\u00f3b i region Francji (je\u015bli masz). Odpowiemy szybciej. E-mail Szybka odpowied\u017a E-mail aga@promotion.com.pl Napisz e-mail [&hellip;]<\/p>","protected":false},"author":2,"featured_media":0,"parent":0,"menu_order":0,"comment_status":"closed","ping_status":"closed","template":"","meta":{"_uag_custom_page_level_css":"","footnotes":""},"class_list":["post-3586","page","type-page","status-publish","hentry"],"uagb_featured_image_src":{"full":false,"thumbnail":false,"medium":false,"medium_large":false,"large":false,"1536x1536":false,"2048x2048":false,"trp-custom-language-flag":false},"uagb_author_info":{"display_name":"janusz","author_link":"https:\/\/wakacje-we-francji.pl\/en\/author\/janusz\/"},"uagb_comment_info":0,"uagb_excerpt":"kontakt Najszybciej z\u0142apiesz nas telefonicznie lub przez WhatsApp. Mo\u017cesz te\u017c napisa\u0107 e-mail \u2014 odpowiemy mo\u017cliwie szybko. Telefony Call \/ WhatsApp Telefon 502 034 019 Zadzwo\u0144 WhatsApp Telefon 502 034 021 Zadzwo\u0144 WhatsApp Je\u015bli wolisz \u2014 napisz na WhatsApp: termin, liczba os\u00f3b i region Francji (je\u015bli masz). Odpowiemy szybciej. E-mail Szybka odpowied\u017a E-mail aga@promotion.com.pl Napisz e-mail&hellip;","_links":{"self":[{"href":"https:\/\/wakacje-we-francji.pl\/en\/wp-json\/wp\/v2\/pages\/3586","targetHints":{"allow":["GET"]}}],"collection":[{"href":"https:\/\/wakacje-we-francji.pl\/en\/wp-json\/wp\/v2\/pages"}],"about":[{"href":"https:\/\/wakacje-we-francji.pl\/en\/wp-json\/wp\/v2\/types\/page"}],"author":[{"embeddable":true,"href":"https:\/\/wakacje-we-francji.pl\/en\/wp-json\/wp\/v2\/users\/2"}],"replies":[{"embeddable":true,"href":"https:\/\/wakacje-we-francji.pl\/en\/wp-json\/wp\/v2\/comments?post=3586"}],"version-history":[{"count":7,"href":"https:\/\/wakacje-we-francji.pl\/en\/wp-json\/wp\/v2\/pages\/3586\/revisions"}],"predecessor-version":[{"id":3597,"href":"https:\/\/wakacje-we-francji.pl\/en\/wp-json\/wp\/v2\/pages\/3586\/revisions\/3597"}],"wp:attachment":[{"href":"https:\/\/wakacje-we-francji.pl\/en\/wp-json\/wp\/v2\/media?parent=3586"}],"curies":[{"name":"wp","href":"https:\/\/api.w.org\/{rel}","templated":true}]}}