{"id":3599,"date":"2026-02-18T14:56:26","date_gmt":"2026-02-18T13:56:26","guid":{"rendered":"https:\/\/wakacje-we-francji.pl\/?page_id=3599"},"modified":"2026-02-18T16:11:55","modified_gmt":"2026-02-18T15:11:55","slug":"hotele-disnayland","status":"publish","type":"page","link":"https:\/\/wakacje-we-francji.pl\/en\/hotele-disnayland\/","title":{"rendered":"Hotele DisneyLand"},"content":{"rendered":"<div class=\"wp-block-uagb-container uagb-block-2033cc9b alignfull uagb-is-root-container\"><div class=\"uagb-container-inner-blocks-wrap\">\n<section class=\"dlp-section\" aria-label=\"Hotele Disneyland\">\n  <div class=\"dlp-wrap\">\n\n    <header class=\"dlp-header\">\n      <p class=\"dlp-subtitle-box\">\n        Ka\u017cdy hotel Disney przenosi Ci\u0119 do innego \u015bwiata tematycznego i ma w\u0142asn\u0105 histori\u0119 do opowiedzenia.\n        Magiczne miejsca czekaj\u0105 na go\u015bci w ka\u017cdym wieku, z r\u00f3\u017cnym bud\u017cetem i marzeniami.\n      <\/p>\n    <\/header>\n\n    <div class=\"dlp-grid\">\n\n      <!-- 1 -->\n      <article class=\"dlp-card\">\n        <div class=\"dlp-media\">\n          <img decoding=\"async\" src=\"https:\/\/wakacje-we-francji.pl\/wp-content\/uploads\/2026\/02\/Screenshot-2026-02-18-at-15-07-18-Our-Disney-Hotels-Disneyland-Paris.png\" alt=\"Disneyland Hotel\" loading=\"lazy\">\n        <\/div>\n        <div class=\"dlp-body\">\n          <h3 class=\"dlp-hotel\">Disneyland Hotel <span class=\"dlp-stars\">\u2605\u2605\u2605\u2605\u2605<\/span><\/h3>\n          <div class=\"dlp-badges\">\n            <span class=\"dlp-badge\">\n              <span class=\"dlp-ico\" aria-hidden=\"true\">\n                <svg viewbox=\"0 0 24 24\" width=\"18\" height=\"18\" fill=\"none\" stroke=\"currentColor\" stroke-width=\"2\" stroke-linecap=\"round\" stroke-linejoin=\"round\">\n                  <path d=\"M4 20h16\"\/><path d=\"M7 20V8a2 2 0 0 1 2-2h6a2 2 0 0 1 2 2v12\"\/><path d=\"M10 10h4\"\/>\n                <\/svg>\n              <\/span>\n              Przy wej\u015bciu do Disneyland Park\n            <\/span>\n          <\/div>\n          <p class=\"dlp-desc\">\u015awi\u0119tuj magi\u0119 disneyowskich historii\u2026 i stw\u00f3rz swoj\u0105 w\u0142asn\u0105!<\/p>\n          <a class=\"dlp-btn\" href=\"https:\/\/wakacje-we-francji.pl\/en\/disneyland-hotel\/\">Poznaj hotel<\/a>\n        <\/div>\n      <\/article>\n\n      <!-- 2 -->\n      <article class=\"dlp-card\">\n        <div class=\"dlp-media\">\n          <img decoding=\"async\" src=\"https:\/\/wakacje-we-francji.pl\/wp-content\/uploads\/2026\/02\/Screenshot-2026-02-18-at-15-07-48-Our-Disney-Hotels-Disneyland-Paris.png\" alt=\"Disney Hotel New York \u2013 The Art of Marvel\" loading=\"lazy\">\n        <\/div>\n        <div class=\"dlp-body\">\n          <h3 class=\"dlp-hotel\">Disney Hotel New York \u2013 The Art of Marvel <span class=\"dlp-stars\">\u2605\u2605\u2605\u2605<\/span><\/h3>\n          <div class=\"dlp-badges\">\n            <span class=\"dlp-badge\">\n              <span class=\"dlp-ico\" aria-hidden=\"true\">\n                <svg viewbox=\"0 0 24 24\" width=\"18\" height=\"18\" fill=\"none\" stroke=\"currentColor\" stroke-width=\"2\" stroke-linecap=\"round\" stroke-linejoin=\"round\">\n                  <path d=\"M13 5a2 2 0 1 0-4 0 2 2 0 0 0 4 0Z\"\/><path d=\"M9 21l1-6-2-3 3-2 2 2 3 1\"\/><path d=\"M14 21l-1-6\"\/><path d=\"M5 13l3-1\"\/>\n                <\/svg>\n              <\/span>\n              10 min spacerem do Parku\n            <\/span>\n            <span class=\"dlp-badge\">\n              <span class=\"dlp-ico\" aria-hidden=\"true\">\n                <svg viewbox=\"0 0 24 24\" width=\"18\" height=\"18\" fill=\"none\" stroke=\"currentColor\" stroke-width=\"2\" stroke-linecap=\"round\" stroke-linejoin=\"round\">\n                  <path d=\"M6 17h12\"\/><path d=\"M6 17V7a3 3 0 0 1 3-3h6a3 3 0 0 1 3 3v10\"\/><path d=\"M7 17a2 2 0 1 0 0 4 2 2 0 0 0 0-4Z\"\/><path d=\"M17 17a2 2 0 1 0 0 4 2 2 0 0 0 0-4Z\"\/><path d=\"M7 8h10\"\/>\n                <\/svg>\n              <\/span>\n              Bezp\u0142atny transfer\n            <\/span>\n          <\/div>\n          <p class=\"dlp-desc\">Poczuj si\u0119 jak superbohater w nowoczesnym hotelu w klimacie Nowego Jorku.<\/p>\n          <a class=\"dlp-btn\" href=\"https:\/\/wakacje-we-francji.pl\/en\/disney-hotel-new-york-the-art-of-marvel\/\">Poznaj hotel<\/a>\n        <\/div>\n      <\/article>\n\n      <!-- 3 -->\n      <article class=\"dlp-card\">\n        <div class=\"dlp-media\">\n          <img decoding=\"async\" src=\"https:\/\/wakacje-we-francji.pl\/wp-content\/uploads\/2026\/02\/Screenshot-2026-02-18-at-15-08-13-Our-Disney-Hotels-Disneyland-Paris.png\" alt=\"Disney Newport Bay Club\" loading=\"lazy\">\n        <\/div>\n        <div class=\"dlp-body\">\n          <h3 class=\"dlp-hotel\">Disney Newport Bay Club <span class=\"dlp-stars\">\u2605\u2605\u2605\u2605<\/span><\/h3>\n          <div class=\"dlp-badges\">\n            <span class=\"dlp-badge\">\n              <span class=\"dlp-ico\" aria-hidden=\"true\">\n                <svg viewbox=\"0 0 24 24\" width=\"18\" height=\"18\" fill=\"none\" stroke=\"currentColor\" stroke-width=\"2\" stroke-linecap=\"round\" stroke-linejoin=\"round\">\n                  <path d=\"M13 5a2 2 0 1 0-4 0 2 2 0 0 0 4 0Z\"\/><path d=\"M9 21l1-6-2-3 3-2 2 2 3 1\"\/><path d=\"M14 21l-1-6\"\/><path d=\"M5 13l3-1\"\/>\n                <\/svg>\n              <\/span>\n              15 min spacerem do Parku\n            <\/span>\n            <span class=\"dlp-badge\">\n              <span class=\"dlp-ico\" aria-hidden=\"true\">\n                <svg viewbox=\"0 0 24 24\" width=\"18\" height=\"18\" fill=\"none\" stroke=\"currentColor\" stroke-width=\"2\" stroke-linecap=\"round\" stroke-linejoin=\"round\">\n                  <path d=\"M6 17h12\"\/><path d=\"M6 17V7a3 3 0 0 1 3-3h6a3 3 0 0 1 3 3v10\"\/><path d=\"M7 17a2 2 0 1 0 0 4 2 2 0 0 0 0-4Z\"\/><path d=\"M17 17a2 2 0 1 0 0 4 2 2 0 0 0 0-4Z\"\/><path d=\"M7 8h10\"\/>\n                <\/svg>\n              <\/span>\n              Bezp\u0142atny transfer\n            <\/span>\n          <\/div>\n          <p class=\"dlp-desc\">Obud\u017a si\u0119 w \u015bwiecie nadmorskiego szyku, z marynistycznym uk\u0142onem w stron\u0119 przyg\u00f3d Myszki Miki.<\/p>\n          <a class=\"dlp-btn\" href=\"https:\/\/wakacje-we-francji.pl\/en\/disney-newport-bay-club\/\">Poznaj hotel<\/a>\n        <\/div>\n      <\/article>\n\n      <!-- 4 -->\n      <article class=\"dlp-card\">\n        <div class=\"dlp-media\">\n          <img decoding=\"async\" src=\"https:\/\/wakacje-we-francji.pl\/wp-content\/uploads\/2026\/02\/Screenshot-2026-02-18-at-15-08-35-Our-Disney-Hotels-Disneyland-Paris.png\" alt=\"Disney Sequoia Lodge\" loading=\"lazy\">\n        <\/div>\n        <div class=\"dlp-body\">\n          <h3 class=\"dlp-hotel\">Disney Sequoia Lodge <span class=\"dlp-stars\">\u2605\u2605\u2605<\/span><\/h3>\n          <div class=\"dlp-badges\">\n            <span class=\"dlp-badge\">\n              <span class=\"dlp-ico\" aria-hidden=\"true\">\n                <svg viewbox=\"0 0 24 24\" width=\"18\" height=\"18\" fill=\"none\" stroke=\"currentColor\" stroke-width=\"2\" stroke-linecap=\"round\" stroke-linejoin=\"round\">\n                  <path d=\"M13 5a2 2 0 1 0-4 0 2 2 0 0 0 4 0Z\"\/><path d=\"M9 21l1-6-2-3 3-2 2 2 3 1\"\/><path d=\"M14 21l-1-6\"\/><path d=\"M5 13l3-1\"\/>\n                <\/svg>\n              <\/span>\n              15 min spacerem do Parku\n            <\/span>\n            <span class=\"dlp-badge\">\n              <span class=\"dlp-ico\" aria-hidden=\"true\">\n                <svg viewbox=\"0 0 24 24\" width=\"18\" height=\"18\" fill=\"none\" stroke=\"currentColor\" stroke-width=\"2\" stroke-linecap=\"round\" stroke-linejoin=\"round\">\n                  <path d=\"M6 17h12\"\/><path d=\"M6 17V7a3 3 0 0 1 3-3h6a3 3 0 0 1 3 3v10\"\/><path d=\"M7 17a2 2 0 1 0 0 4 2 2 0 0 0 0-4Z\"\/><path d=\"M17 17a2 2 0 1 0 0 4 2 2 0 0 0 0-4Z\"\/><path d=\"M7 8h10\"\/>\n                <\/svg>\n              <\/span>\n              Bezp\u0142atny transfer\n            <\/span>\n          <\/div>\n          <p class=\"dlp-desc\">Odpocznij w klimatycznym lodge\u2019u z nut\u0105 magii Bambiego.<\/p>\n          <a class=\"dlp-btn\" href=\"https:\/\/wakacje-we-francji.pl\/en\/disney-sequoia-lodge\/\">Poznaj hotel<\/a>\n        <\/div>\n      <\/article>\n\n      <!-- 5 -->\n      <article class=\"dlp-card\">\n        <div class=\"dlp-media\">\n          <img decoding=\"async\" src=\"https:\/\/wakacje-we-francji.pl\/wp-content\/uploads\/2026\/02\/Screenshot-2026-02-18-at-15-08-54-Our-Disney-Hotels-Disneyland-Paris.png\" alt=\"Disney Hotel Cheyenne\" loading=\"lazy\">\n        <\/div>\n        <div class=\"dlp-body\">\n          <h3 class=\"dlp-hotel\">Disney Hotel Cheyenne <span class=\"dlp-stars\">\u2605\u2605\u2605<\/span><\/h3>\n          <div class=\"dlp-badges\">\n            <span class=\"dlp-badge\">\n              <span class=\"dlp-ico\" aria-hidden=\"true\">\n                <svg viewbox=\"0 0 24 24\" width=\"18\" height=\"18\" fill=\"none\" stroke=\"currentColor\" stroke-width=\"2\" stroke-linecap=\"round\" stroke-linejoin=\"round\">\n                  <path d=\"M13 5a2 2 0 1 0-4 0 2 2 0 0 0 4 0Z\"\/><path d=\"M9 21l1-6-2-3 3-2 2 2 3 1\"\/><path d=\"M14 21l-1-6\"\/><path d=\"M5 13l3-1\"\/>\n                <\/svg>\n              <\/span>\n              20 min spacerem do Parku\n            <\/span>\n            <span class=\"dlp-badge\">\n              <span class=\"dlp-ico\" aria-hidden=\"true\">\n                <svg viewbox=\"0 0 24 24\" width=\"18\" height=\"18\" fill=\"none\" stroke=\"currentColor\" stroke-width=\"2\" stroke-linecap=\"round\" stroke-linejoin=\"round\">\n                  <path d=\"M6 17h12\"\/><path d=\"M6 17V7a3 3 0 0 1 3-3h6a3 3 0 0 1 3 3v10\"\/><path d=\"M7 17a2 2 0 1 0 0 4 2 2 0 0 0 0-4Z\"\/><path d=\"M17 17a2 2 0 1 0 0 4 2 2 0 0 0 0-4Z\"\/><path d=\"M7 8h10\"\/>\n                <\/svg>\n              <\/span>\n              Bezp\u0142atny transfer\n            <\/span>\n          <\/div>\n          <p class=\"dlp-desc\">Odpocznij w towarzystwie Chudego i Jessie w pe\u0142nym \u017cycia hotelu w stylu Dzikiego Zachodu.<\/p>\n          <a class=\"dlp-btn\" href=\"https:\/\/wakacje-we-francji.pl\/en\/disney-hotel-cheyenne\/\">Poznaj hotel<\/a>\n        <\/div>\n      <\/article>\n\n      <!-- 6 -->\n      <article class=\"dlp-card\">\n        <div class=\"dlp-media\">\n          <img decoding=\"async\" src=\"https:\/\/wakacje-we-francji.pl\/wp-content\/uploads\/2026\/02\/Screenshot-2026-02-18-at-15-09-31-Our-Disney-Hotels-Disneyland-Paris.png\" alt=\"Disney Hotel Santa Fe\" loading=\"lazy\">\n        <\/div>\n        <div class=\"dlp-body\">\n          <h3 class=\"dlp-hotel\">Disney Hotel Santa Fe <span class=\"dlp-stars\">\u2605\u2605<\/span><\/h3>\n          <div class=\"dlp-badges\">\n            <span class=\"dlp-badge\">\n              <span class=\"dlp-ico\" aria-hidden=\"true\">\n                <svg viewbox=\"0 0 24 24\" width=\"18\" height=\"18\" fill=\"none\" stroke=\"currentColor\" stroke-width=\"2\" stroke-linecap=\"round\" stroke-linejoin=\"round\">\n                  <path d=\"M13 5a2 2 0 1 0-4 0 2 2 0 0 0 4 0Z\"\/><path d=\"M9 21l1-6-2-3 3-2 2 2 3 1\"\/><path d=\"M14 21l-1-6\"\/><path d=\"M5 13l3-1\"\/>\n                <\/svg>\n              <\/span>\n              20 min spacerem do Parku\n            <\/span>\n            <span class=\"dlp-badge\">\n              <span class=\"dlp-ico\" aria-hidden=\"true\">\n                <svg viewbox=\"0 0 24 24\" width=\"18\" height=\"18\" fill=\"none\" stroke=\"currentColor\" stroke-width=\"2\" stroke-linecap=\"round\" stroke-linejoin=\"round\">\n                  <path d=\"M6 17h12\"\/><path d=\"M6 17V7a3 3 0 0 1 3-3h6a3 3 0 0 1 3 3v10\"\/><path d=\"M7 17a2 2 0 1 0 0 4 2 2 0 0 0 0-4Z\"\/><path d=\"M17 17a2 2 0 1 0 0 4 2 2 0 0 0 0-4Z\"\/><path d=\"M7 8h10\"\/>\n                <\/svg>\n              <\/span>\n              Bezp\u0142atny transfer\n            <\/span>\n          <\/div>\n          <p class=\"dlp-desc\">Zatrzymaj si\u0119 w uroczym, drogowym przystanku prosto ze \u015bwiata Disney Pixar \u201eAuta\u201d.<\/p>\n          <a class=\"dlp-btn\" href=\"https:\/\/wakacje-we-francji.pl\/en\/disney-hotel-santa-fe\/\">Poznaj hotel<\/a>\n        <\/div>\n      <\/article>\n\n      <!-- 7 -->\n      <article class=\"dlp-card\">\n        <div class=\"dlp-media\">\n          <img decoding=\"async\" src=\"https:\/\/wakacje-we-francji.pl\/wp-content\/uploads\/2026\/02\/Screenshot-2026-02-18-at-15-09-49-Our-Disney-Hotels-Disneyland-Paris.png\" alt=\"Disney Davy Crockett Ranch\" loading=\"lazy\">\n        <\/div>\n        <div class=\"dlp-body\">\n          <h3 class=\"dlp-hotel\">Disney Davy Crockett Ranch<\/h3>\n          <div class=\"dlp-badges\">\n            <span class=\"dlp-badge\">\n              <span class=\"dlp-ico\" aria-hidden=\"true\">\n                <svg viewbox=\"0 0 24 24\" width=\"18\" height=\"18\" fill=\"none\" stroke=\"currentColor\" stroke-width=\"2\" stroke-linecap=\"round\" stroke-linejoin=\"round\">\n                  <path d=\"M3 16l1-5a3 3 0 0 1 3-2h10a3 3 0 0 1 3 2l1 5\"\/><path d=\"M5 16a2 2 0 1 0 0 4 2 2 0 0 0 0-4Z\"\/><path d=\"M19 16a2 2 0 1 0 0 4 2 2 0 0 0 0-4Z\"\/><path d=\"M7 12h10\"\/>\n                <\/svg>\n              <\/span>\n              15 min do Parku samochodem\n            <\/span>\n            <span class=\"dlp-badge\">\n              <span class=\"dlp-ico\" aria-hidden=\"true\">\n                <svg viewbox=\"0 0 24 24\" width=\"18\" height=\"18\" fill=\"none\" stroke=\"currentColor\" stroke-width=\"2\" stroke-linecap=\"round\" stroke-linejoin=\"round\">\n                  <path d=\"M6 17h12\"\/><path d=\"M6 17V7a3 3 0 0 1 3-3h6a3 3 0 0 1 3 3v10\"\/><path d=\"M7 17a2 2 0 1 0 0 4 2 2 0 0 0 0-4Z\"\/><path d=\"M17 17a2 2 0 1 0 0 4 2 2 0 0 0 0-4Z\"\/><path d=\"M7 8h10\"\/><path d=\"M4 4l16 16\"\/>\n                <\/svg>\n              <\/span>\n              Brak transferu\n            <\/span>\n          <\/div>\n          <p class=\"dlp-desc\">Zamieszkaj we w\u0142asnym domku z aneksem kuchennym, w samym sercu lasu.<\/p>\n          <a class=\"dlp-btn\" href=\"https:\/\/wakacje-we-francji.pl\/en\/disney-davy-crockett-ranch\/\">Poznaj hotel<\/a>\n        <\/div>\n      <\/article>\n\n    <\/div>\n  <\/div>\n\n  <style>\n    \/* ===== zabezpieczenia przed \u201ewychodzeniem\u201d i \u015bciskiem ===== *\/\n    .dlp-section, .dlp-section *{ box-sizing: border-box; }\n    .dlp-section{ width:100%; overflow:hidden; } \/* wa\u017cne: nic nie wyjdzie poza stron\u0119 *\/\n\n    .dlp-wrap{\n      max-width: 1200px;     \/* dopasuj do Twojej strony, je\u015bli trzeba *\/\n      margin: 0 auto;\n      padding: 10px 16px 50px;\n    }\n\n    .dlp-header{\n      text-align:center;\n      margin: 0 auto 22px;\n      max-width: 980px;\n    }\n\n    .dlp-subtitle-box{\n      display:inline-block;\n      margin:0;\n      padding:14px 16px;\n      background:#fff;\n      border:1px solid rgba(20,30,80,.10);\n      border-radius:14px;\n      box-shadow:0 10px 28px rgba(10,18,60,.10);\n      color:#1b2450;\n      font-size:clamp(14px, 1.5vw, 16px);\n      line-height:1.65;\n      text-align:center;\n    }\n\n    \/* ===== GRID: 3 kolumny, ale nigdy nie \u015bciska kart poni\u017cej sensownej szeroko\u015bci ===== *\/\n    .dlp-grid{\n      display:grid;\n      grid-template-columns: repeat(3, minmax(320px, 1fr));\n      gap: 24px;\n      justify-content: center;\n      justify-items: center;\n      align-items: stretch;\n    }\n\n    .dlp-card{\n      width: 100%;\n      max-width: 380px; \/* karta nie rozci\u0105ga si\u0119 przesadnie *\/\n      background:#fff;\n      border-radius:18px;\n      box-shadow:0 10px 28px rgba(10,18,60,.10);\n      overflow:hidden;\n      display:flex;\n      flex-direction:column;\n      border:1px solid rgba(20,30,80,.06);\n    }\n\n    \/* 7. element na \u015brodku (uk\u0142ad 3-kolumnowy) *\/\n    .dlp-grid > .dlp-card:last-child:nth-child(3n+1){\n      grid-column: 2 \/ 3;\n    }\n\n    .dlp-media{\n      position:relative;\n      height:190px;\n      overflow:hidden;\n      background:#e9ecf7;\n    }\n    .dlp-media img{\n      width:100%;\n      height:100%;\n      object-fit:cover;\n      display:block;\n      transform:scale(1.02);\n    }\n    .dlp-media::after{\n      content:\"\";\n      position:absolute;\n      left:-12%;\n      right:-12%;\n      bottom:-48px;\n      height:96px;\n      background:#fff;\n      border-radius:0 0 999px 999px;\n      box-shadow:0 -1px 0 rgba(20,30,80,.04) inset;\n    }\n\n    .dlp-body{\n      padding:18px;\n      display:flex;\n      flex-direction:column;\n      gap:12px;\n      flex:1;\n    }\n\n    .dlp-hotel{\n      margin:6px 0 2px;\n      font-size:22px;\n      line-height:1.2;\n      font-weight:850;\n      color:#1b2450;\n    }\n    .dlp-stars{\n      font-size:14px;\n      font-weight:900;\n      letter-spacing:2px;\n      color:#1b2450;\n      margin-left:6px;\n      white-space:nowrap;\n      vertical-align:middle;\n    }\n\n    .dlp-badges{\n      display:flex;\n      flex-wrap:wrap;\n      gap:10px;\n      margin-top:2px;\n    }\n    .dlp-badge{\n      display:inline-flex;\n      align-items:center;\n      gap:10px;\n      padding:9px 12px;\n      border:2px solid rgba(27,36,80,.85);\n      border-radius:9px;\n      color:#1b2450;\n      font-weight:700;\n      font-size:14px;\n      line-height:1.1;\n      background:#fff;\n    }\n    .dlp-ico{\n      display:inline-flex;\n      align-items:center;\n      justify-content:center;\n      width:22px;\n      height:22px;\n      border-radius:6px;\n      color:#1b2450;\n      flex:0 0 auto;\n    }\n\n    .dlp-desc{\n      margin:6px 0 0;\n      font-size:16px;\n      line-height:1.6;\n      color:#2b3362;\n      opacity:.95;\n      min-height:72px;\n    }\n\n    .dlp-btn{\n      margin-top:auto;\n      align-self:center;\n      display:inline-flex;\n      align-items:center;\n      justify-content:center;\n      padding:12px 26px;\n      border-radius:999px;\n      border:3px solid #0b4cff;\n      color:#0b4cff;\n      background:#fff;\n      font-weight:900;\n      text-decoration:none;\n      font-size:18px;\n      line-height:1;\n      transition:transform .16s ease, box-shadow .16s ease, background .16s ease;\n      box-shadow:0 8px 18px rgba(11,76,255,.10);\n    }\n    .dlp-btn:hover{\n      transform:translateY(-1px);\n      box-shadow:0 12px 22px rgba(11,76,255,.16);\n      background:rgba(11,76,255,.04);\n    }\n\n    \/* TABLET: 2 kolumny (\u017ceby nie by\u0142o \u015bcisku) *\/\n    @media (max-width: 1024px){\n      .dlp-grid{\n        grid-template-columns: repeat(2, minmax(320px, 1fr));\n        gap: 18px;\n      }\n      .dlp-media{ height:180px; }\n\n      \/* je\u015bli zostaje 1 karta w ostatnim rz\u0119dzie na 2 kolumnach -> na \u015brodku *\/\n      .dlp-grid > .dlp-card:last-child:nth-child(2n+1){\n        grid-column: 1 \/ -1;\n        justify-self: center;\n        max-width: 380px;\n      }\n    }\n\n    \/* TELEFON: 1 kolumna *\/\n    @media (max-width: 700px){\n      .dlp-grid{\n        grid-template-columns: 1fr;\n        gap: 16px;\n      }\n      .dlp-card{ max-width: 520px; }\n      .dlp-media{ height: 210px; }\n      .dlp-desc{ min-height:0; }\n    }\n  <\/style>\n<\/section>\n\n\n<\/div><\/div>\n\n\n\n<p><\/p>","protected":false},"excerpt":{"rendered":"<p>Ka\u017cdy hotel Disney przenosi Ci\u0119 do innego \u015bwiata tematycznego i ma w\u0142asn\u0105 histori\u0119 do opowiedzenia. Magiczne miejsca czekaj\u0105 na go\u015bci w ka\u017cdym wieku, z r\u00f3\u017cnym bud\u017cetem i marzeniami. Disneyland Hotel \u2605\u2605\u2605\u2605\u2605 Przy wej\u015bciu do Disneyland Park \u015awi\u0119tuj magi\u0119 disneyowskich historii\u2026 i stw\u00f3rz swoj\u0105 w\u0142asn\u0105! Poznaj hotel Disney Hotel New York \u2013 The Art of Marvel [&hellip;]<\/p>","protected":false},"author":2,"featured_media":0,"parent":0,"menu_order":0,"comment_status":"closed","ping_status":"closed","template":"","meta":{"_uag_custom_page_level_css":"","footnotes":""},"class_list":["post-3599","page","type-page","status-publish","hentry"],"uagb_featured_image_src":{"full":false,"thumbnail":false,"medium":false,"medium_large":false,"large":false,"1536x1536":false,"2048x2048":false,"trp-custom-language-flag":false},"uagb_author_info":{"display_name":"janusz","author_link":"https:\/\/wakacje-we-francji.pl\/en\/author\/janusz\/"},"uagb_comment_info":0,"uagb_excerpt":"Ka\u017cdy hotel Disney przenosi Ci\u0119 do innego \u015bwiata tematycznego i ma w\u0142asn\u0105 histori\u0119 do opowiedzenia. Magiczne miejsca czekaj\u0105 na go\u015bci w ka\u017cdym wieku, z r\u00f3\u017cnym bud\u017cetem i marzeniami. Disneyland Hotel \u2605\u2605\u2605\u2605\u2605 Przy wej\u015bciu do Disneyland Park \u015awi\u0119tuj magi\u0119 disneyowskich historii\u2026 i stw\u00f3rz swoj\u0105 w\u0142asn\u0105! Poznaj hotel Disney Hotel New York \u2013 The Art of Marvel&hellip;","_links":{"self":[{"href":"https:\/\/wakacje-we-francji.pl\/en\/wp-json\/wp\/v2\/pages\/3599","targetHints":{"allow":["GET"]}}],"collection":[{"href":"https:\/\/wakacje-we-francji.pl\/en\/wp-json\/wp\/v2\/pages"}],"about":[{"href":"https:\/\/wakacje-we-francji.pl\/en\/wp-json\/wp\/v2\/types\/page"}],"author":[{"embeddable":true,"href":"https:\/\/wakacje-we-francji.pl\/en\/wp-json\/wp\/v2\/users\/2"}],"replies":[{"embeddable":true,"href":"https:\/\/wakacje-we-francji.pl\/en\/wp-json\/wp\/v2\/comments?post=3599"}],"version-history":[{"count":8,"href":"https:\/\/wakacje-we-francji.pl\/en\/wp-json\/wp\/v2\/pages\/3599\/revisions"}],"predecessor-version":[{"id":3636,"href":"https:\/\/wakacje-we-francji.pl\/en\/wp-json\/wp\/v2\/pages\/3599\/revisions\/3636"}],"wp:attachment":[{"href":"https:\/\/wakacje-we-francji.pl\/en\/wp-json\/wp\/v2\/media?parent=3599"}],"curies":[{"name":"wp","href":"https:\/\/api.w.org\/{rel}","templated":true}]}}