{"id":3721,"date":"2026-02-19T14:48:55","date_gmt":"2026-02-19T13:48:55","guid":{"rendered":"https:\/\/wakacje-we-francji.pl\/?page_id=3721"},"modified":"2026-02-19T15:00:55","modified_gmt":"2026-02-19T14:00:55","slug":"disney-hotel-cheyenne-zapytanie","status":"publish","type":"page","link":"https:\/\/wakacje-we-francji.pl\/en\/disney-hotel-cheyenne-zapytanie\/","title":{"rendered":"Disney Hotel Cheyenne Zapytanie"},"content":{"rendered":"<div class=\"wp-block-uagb-container uagb-block-2d7e9104 alignfull uagb-is-root-container\"><div class=\"uagb-container-inner-blocks-wrap\"><style id=\"wpforms-css-vars-3718-block-5b43633f-5465-413a-bc7c-c6e1e369c6b8\">\n\t\t\t\t#wpforms-3718.wpforms-block-5b43633f-5465-413a-bc7c-c6e1e369c6b8 {\n\t\t\t\t--wpforms-label-color: rgba(0, 0, 0, 0.85);\n--wpforms-label-sublabel-color: rgba(0, 0, 0, 0.55);\n--wpforms-field-border-color: rgba(0, 0, 0, 0.25);\n--wpforms-field-border-color-spare: rgba(0, 0, 0, 0.25);\n--wpforms-field-text-color: #ffffff;\n\t\t\t}\n\t\t\t<\/style><div class=\"wpforms-container wpforms-container-full wpforms-block wpforms-block-5b43633f-5465-413a-bc7c-c6e1e369c6b8 wpforms-render-modern\" id=\"wpforms-3718\"><form id=\"wpforms-form-3718\" class=\"wpforms-validate wpforms-form wpforms-ajax-form\" data-formid=\"3718\" method=\"post\" enctype=\"multipart\/form-data\" action=\"\/en\/wp-json\/wp\/v2\/pages\/3721\" data-token=\"f7b5f98d44fb632f07618b70fda8c7bf\" data-token-time=\"1775414144\" data-trp-original-action=\"\/en\/wp-json\/wp\/v2\/pages\/3721\"><noscript class=\"wpforms-error-noscript\">Please enable JavaScript in your browser to complete this form.<\/noscript><div id=\"wpforms-error-noscript\" style=\"display: none;\">Please enable JavaScript in your browser to complete this form.<\/div><div class=\"wpforms-field-container\"><div id=\"wpforms-3718-field_4-container\" class=\"wpforms-field wpforms-field-name\" data-field-id=\"4\"><fieldset><legend class=\"wpforms-field-label\">Imi\u0119 i nazwisko <span class=\"wpforms-required-label\" aria-hidden=\"true\">*<\/span><\/legend><div class=\"wpforms-field-row wpforms-field-medium\"><div class=\"wpforms-field-row-block wpforms-first wpforms-one-half\"><input type=\"text\" id=\"wpforms-3718-field_4\" class=\"wpforms-field-name-first wpforms-field-required\" name=\"wpforms[fields][4][first]\" aria-errormessage=\"wpforms-3718-field_4-error\" required><label for=\"wpforms-3718-field_4\" class=\"wpforms-field-sublabel after\">First<\/label><\/div><div class=\"wpforms-field-row-block wpforms-one-half\"><input type=\"text\" id=\"wpforms-3718-field_4-last\" class=\"wpforms-field-name-last wpforms-field-required\" name=\"wpforms[fields][4][last]\" aria-errormessage=\"wpforms-3718-field_4-last-error\" required><label for=\"wpforms-3718-field_4-last\" class=\"wpforms-field-sublabel after\">Last<\/label><\/div><\/div><\/fieldset><\/div>\t\t<div id=\"wpforms-3718-field_1-container\"\n\t\t\tclass=\"wpforms-field wpforms-field-text\"\n\t\t\tdata-field-type=\"text\"\n\t\t\tdata-field-id=\"1\"\n\t\t\t>\n\t\t\t<label class=\"wpforms-field-label\" for=\"wpforms-3718-field_1\" >nazwisko Liczba Zgoda<\/label>\n\t\t\t<input type=\"text\" id=\"wpforms-3718-field_1\" class=\"wpforms-field-medium\" name=\"wpforms[fields][1]\" >\n\t\t<\/div>\n\t\t<div id=\"wpforms-3718-field_5-container\" class=\"wpforms-field wpforms-field-email\" data-field-id=\"5\"><label class=\"wpforms-field-label\" for=\"wpforms-3718-field_5\">Adres e-mail <span class=\"wpforms-required-label\" aria-hidden=\"true\">*<\/span><\/label><input type=\"email\" id=\"wpforms-3718-field_5\" class=\"wpforms-field-medium wpforms-field-required\" name=\"wpforms[fields][5]\" spellcheck=\"false\" aria-errormessage=\"wpforms-3718-field_5-error\" required><\/div><div id=\"wpforms-3718-field_6-container\" class=\"wpforms-field wpforms-field-text\" data-field-id=\"6\"><label class=\"wpforms-field-label\" for=\"wpforms-3718-field_6\">Telefon <span class=\"wpforms-required-label\" aria-hidden=\"true\">*<\/span><\/label><input type=\"text\" id=\"wpforms-3718-field_6\" class=\"wpforms-field-medium wpforms-field-required\" name=\"wpforms[fields][6]\" aria-errormessage=\"wpforms-3718-field_6-error\" required><\/div><div id=\"wpforms-3718-field_7-container\" class=\"wpforms-field wpforms-field-text\" data-field-id=\"7\"><label class=\"wpforms-field-label\" for=\"wpforms-3718-field_7\">Data przyjazdu <span class=\"wpforms-required-label\" aria-hidden=\"true\">*<\/span><\/label><input type=\"text\" id=\"wpforms-3718-field_7\" class=\"wpforms-field-medium wpforms-field-required\" name=\"wpforms[fields][7]\" aria-errormessage=\"wpforms-3718-field_7-error\" required><\/div><div id=\"wpforms-3718-field_8-container\" class=\"wpforms-field wpforms-field-text\" data-field-id=\"8\"><label class=\"wpforms-field-label\" for=\"wpforms-3718-field_8\">Data wyjazdu <span class=\"wpforms-required-label\" aria-hidden=\"true\">*<\/span><\/label><input type=\"text\" id=\"wpforms-3718-field_8\" class=\"wpforms-field-medium wpforms-field-required\" name=\"wpforms[fields][8]\" aria-errormessage=\"wpforms-3718-field_8-error\" required><\/div><div id=\"wpforms-3718-field_9-container\" class=\"wpforms-field wpforms-field-number\" data-field-id=\"9\"><label class=\"wpforms-field-label\" for=\"wpforms-3718-field_9\">Liczba doros\u0142ych <span class=\"wpforms-required-label\" aria-hidden=\"true\">*<\/span><\/label><input type=\"number\" id=\"wpforms-3718-field_9\" class=\"wpforms-field-small wpforms-field-required\" name=\"wpforms[fields][9]\" min=\"1\" max=\"10\" step=\"any\" aria-errormessage=\"wpforms-3718-field_9-error\" required><\/div><div id=\"wpforms-3718-field_10-container\" class=\"wpforms-field wpforms-field-number\" data-field-id=\"10\"><label class=\"wpforms-field-label\" for=\"wpforms-3718-field_10\">Liczba dzieci <span class=\"wpforms-required-label\" aria-hidden=\"true\">*<\/span><\/label><input type=\"number\" id=\"wpforms-3718-field_10\" class=\"wpforms-field-small wpforms-field-required\" name=\"wpforms[fields][10]\" min=\"0\" max=\"10\" step=\"any\" aria-errormessage=\"wpforms-3718-field_10-error\" required><\/div><div id=\"wpforms-3718-field_11-container\" class=\"wpforms-field wpforms-field-text\" data-field-id=\"11\"><label class=\"wpforms-field-label\" for=\"wpforms-3718-field_11\">Data urodzenia dzieci <span class=\"wpforms-required-label\" aria-hidden=\"true\">*<\/span><\/label><input type=\"text\" id=\"wpforms-3718-field_11\" class=\"wpforms-field-medium wpforms-field-required\" name=\"wpforms[fields][11]\" aria-errormessage=\"wpforms-3718-field_11-error\" aria-describedby=\"wpforms-3718-field_11-description\" required><div id=\"wpforms-3718-field_11-description\" class=\"wpforms-field-description\">podpowied\u017a: \u201eNp. 4 i 9 (je\u015bli brak dzieci wpisz 0)<\/div><\/div><div id=\"wpforms-3718-field_12-container\" class=\"wpforms-field wpforms-field-select wpforms-field-select-style-classic\" data-field-id=\"12\"><label class=\"wpforms-field-label\" for=\"wpforms-3718-field_12\">Rodzaj pokoju \/ preferencje <span class=\"wpforms-required-label\" aria-hidden=\"true\">*<\/span><\/label><select id=\"wpforms-3718-field_12\" class=\"wpforms-field-medium wpforms-field-required\" name=\"wpforms[fields][12]\" required=\"required\"><option value=\"\" class=\"placeholder\" disabled selected='selected'>&#8212; Wska\u017c opcj\u0119 do wyboru &#8212;<\/option><option value=\"Standard\"  class=\"choice-1 depth-1\"  >Standard<\/option><option value=\"Premium \/ Deluxe\"  class=\"choice-2 depth-1\"  >Premium \/ Deluxe<\/option><option value=\"Apartament\"  class=\"choice-3 depth-1\"  >Apartament<\/option><option value=\"Nie wiem \u2013 dorad\u017acie\"  class=\"choice-4 depth-1\"  >Nie wiem \u2013 dorad\u017acie<\/option><\/select><\/div><div id=\"wpforms-3718-field_13-container\" class=\"wpforms-field wpforms-field-select wpforms-field-select-style-classic\" data-field-id=\"13\"><label class=\"wpforms-field-label\" for=\"wpforms-3718-field_13\">Wy\u017cywienie <span class=\"wpforms-required-label\" aria-hidden=\"true\">*<\/span><\/label><select id=\"wpforms-3718-field_13\" class=\"wpforms-field-medium wpforms-field-required\" name=\"wpforms[fields][13]\" required=\"required\"><option value=\"\" class=\"placeholder\" disabled selected='selected'>&#8212; Wska\u017c opcj\u0119 do wyboru &#8212;<\/option><option value=\"Bez wy\u017cywienia\"  class=\"choice-1 depth-1\"  >Bez wy\u017cywienia<\/option><option value=\"\u015aniadania\"  class=\"choice-2 depth-1\"  >\u015aniadania<\/option><option value=\"P\u00f3\u0142pensja\"  class=\"choice-3 depth-1\"  >P\u00f3\u0142pensja<\/option><option value=\"Pe\u0142ne wy\u017cywienie\"  class=\"choice-4 depth-1\"  >Pe\u0142ne wy\u017cywienie<\/option><option value=\"Nie wiem \u2013 dorad\u017acie\"  class=\"choice-5 depth-1\"  >Nie wiem \u2013 dorad\u017acie<\/option><\/select><\/div><div id=\"wpforms-3718-field_14-container\" class=\"wpforms-field wpforms-field-textarea\" data-field-id=\"14\"><label class=\"wpforms-field-label\" for=\"wpforms-3718-field_14\">Dodatkowe informacje<\/label><textarea id=\"wpforms-3718-field_14\" class=\"wpforms-field-medium\" name=\"wpforms[fields][14]\" aria-errormessage=\"wpforms-3718-field_14-error\" aria-describedby=\"wpforms-3718-field_14-description\" ><\/textarea><div id=\"wpforms-3718-field_14-description\" class=\"wpforms-field-description\">(\u0141\u00f3\u017ceczko, widok, alergie, potrzeby specjalne, p\u00f3\u017any przyjazd)<\/div><\/div><div id=\"wpforms-3718-field_15-container\" class=\"wpforms-field wpforms-field-checkbox\" data-field-id=\"15\"><fieldset><legend class=\"wpforms-field-label\">Zgoda na kontakt <span class=\"wpforms-required-label\" aria-hidden=\"true\">*<\/span><\/legend><ul id=\"wpforms-3718-field_15\" class=\"wpforms-field-required\"><li class=\"choice-3 depth-1\"><input type=\"checkbox\" id=\"wpforms-3718-field_15_3\" name=\"wpforms[fields][15][]\" value=\"Wyra\u017cam zgod\u0119 na kontakt w sprawie wyceny i dost\u0119pno\u015bci.\" aria-errormessage=\"wpforms-3718-field_15_3-error\" required><label class=\"wpforms-field-label-inline\" for=\"wpforms-3718-field_15_3\">Wyra\u017cam zgod\u0119 na kontakt w sprawie wyceny i dost\u0119pno\u015bci.<\/label><\/li><\/ul><\/fieldset><\/div><script>\n\t\t\t\t( function() {\n\t\t\t\t\tconst style = document.createElement( 'style' );\n\t\t\t\t\tstyle.appendChild( document.createTextNode( '#wpforms-3718-field_1-container { position: absolute !important; overflow: hidden !important; display: inline !important; height: 1px !important; width: 1px !important; z-index: -1000 !important; padding: 0 !important; } #wpforms-3718-field_1-container input { visibility: hidden; } #wpforms-conversational-form-page #wpforms-3718-field_1-container label { counter-increment: none; }' ) );\n\t\t\t\t\tdocument.head.appendChild( style );\n\t\t\t\t\tdocument.currentScript?.remove();\n\t\t\t\t} )();\n\t\t\t<\/script><\/div><!-- .wpforms-field-container --><div class=\"wpforms-submit-container\" ><input type=\"hidden\" name=\"wpforms[id]\" value=\"3718\"><input type=\"hidden\" name=\"page_title\" value=\"\"><input type=\"hidden\" name=\"page_url\" value=\"https:\/\/wakacje-we-francji.pl\/en\/wp-json\/wp\/v2\/pages\/3721\"><input type=\"hidden\" name=\"url_referer\" value=\"\"><button type=\"submit\" name=\"wpforms[submit]\" id=\"wpforms-submit-3718\" class=\"wpforms-submit\" data-alt-text=\"Wysy\u0142anie...\" data-submit-text=\"Prze\u015blij\" aria-live=\"assertive\" value=\"wpforms-submit\">Prze\u015blij<\/button><img decoding=\"async\" src=\"https:\/\/wakacje-we-francji.pl\/wp-content\/plugins\/wpforms-lite\/assets\/images\/submit-spin.svg\" class=\"wpforms-submit-spinner\" style=\"display: none;\" width=\"26\" height=\"26\" alt=\"Loading\"><\/div><input type=\"hidden\" name=\"trp-form-language\" value=\"en\"\/><\/form><\/div>  <!-- .wpforms-container --><\/div><\/div>","protected":false},"excerpt":{"rendered":"","protected":false},"author":2,"featured_media":0,"parent":0,"menu_order":0,"comment_status":"closed","ping_status":"closed","template":"","meta":{"_uag_custom_page_level_css":"","footnotes":""},"class_list":["post-3721","page","type-page","status-publish","hentry"],"uagb_featured_image_src":{"full":false,"thumbnail":false,"medium":false,"medium_large":false,"large":false,"1536x1536":false,"2048x2048":false,"trp-custom-language-flag":false},"uagb_author_info":{"display_name":"janusz","author_link":"https:\/\/wakacje-we-francji.pl\/en\/author\/janusz\/"},"uagb_comment_info":0,"uagb_excerpt":null,"_links":{"self":[{"href":"https:\/\/wakacje-we-francji.pl\/en\/wp-json\/wp\/v2\/pages\/3721","targetHints":{"allow":["GET"]}}],"collection":[{"href":"https:\/\/wakacje-we-francji.pl\/en\/wp-json\/wp\/v2\/pages"}],"about":[{"href":"https:\/\/wakacje-we-francji.pl\/en\/wp-json\/wp\/v2\/types\/page"}],"author":[{"embeddable":true,"href":"https:\/\/wakacje-we-francji.pl\/en\/wp-json\/wp\/v2\/users\/2"}],"replies":[{"embeddable":true,"href":"https:\/\/wakacje-we-francji.pl\/en\/wp-json\/wp\/v2\/comments?post=3721"}],"version-history":[{"count":3,"href":"https:\/\/wakacje-we-francji.pl\/en\/wp-json\/wp\/v2\/pages\/3721\/revisions"}],"predecessor-version":[{"id":3736,"href":"https:\/\/wakacje-we-francji.pl\/en\/wp-json\/wp\/v2\/pages\/3721\/revisions\/3736"}],"wp:attachment":[{"href":"https:\/\/wakacje-we-francji.pl\/en\/wp-json\/wp\/v2\/media?parent=3721"}],"curies":[{"name":"wp","href":"https:\/\/api.w.org\/{rel}","templated":true}]}}